{"id":1742,"date":"2025-08-31T14:34:46","date_gmt":"2025-08-31T14:34:46","guid":{"rendered":"https:\/\/bestfirewood.eu\/torkad-ved\/"},"modified":"2025-09-08T11:26:34","modified_gmt":"2025-09-08T11:26:34","slug":"torkad-ved","status":"publish","type":"page","link":"https:\/\/bestfirewood.eu\/sv\/om\/torkad-ved\/","title":{"rendered":"Torkad ved"},"content":{"rendered":"\n<div class=\"wp-block-cover\" data-block-type=\"core\"><img loading=\"lazy\" decoding=\"async\" width=\"1024\" height=\"1024\" class=\"wp-block-cover__image-background wp-image-1670\" alt=\"\" src=\"https:\/\/bestfirewood.eu\/wp-content\/uploads\/2025\/08\/image.jpg\" data-object-fit=\"cover\" srcset=\"https:\/\/bestfirewood.eu\/wp-content\/uploads\/2025\/08\/image.jpg 1024w, https:\/\/bestfirewood.eu\/wp-content\/uploads\/2025\/08\/image-300x300.jpg 300w, https:\/\/bestfirewood.eu\/wp-content\/uploads\/2025\/08\/image-150x150.jpg 150w, https:\/\/bestfirewood.eu\/wp-content\/uploads\/2025\/08\/image-768x768.jpg 768w\" sizes=\"auto, (max-width: 1024px) 100vw, 1024px\" \/><span aria-hidden=\"true\" class=\"wp-block-cover__background has-background-dim\"><\/span><div class=\"wp-block-cover__inner-container is-layout-flow wp-block-cover-is-layout-flow\">\n<p class=\"has-text-align-center has-large-font-size\"><\/p>\n<\/div><\/div>\n\n\n\n<hr class=\"wp-block-separator has-alpha-channel-opacity\"\/ data-block-type=\"core\">\n\n\n\n<p>Torkad ved har blivit en alltmer popul\u00e4r uppv\u00e4rmningsl\u00f6sning f\u00f6r privata hem, stugor och f\u00f6retag, och erbjuder ett effektivt, milj\u00f6v\u00e4nligt och bekv\u00e4mt s\u00e4tt att h\u00e5lla sig varm under de kallare m\u00e5naderna. Detta \u00e4r s\u00e4rskilt viktigt i Estland, d\u00e4r vintrarna kan vara l\u00e5nga och h\u00e5rda. Det \u00e4r viktigt att hitta uppv\u00e4rmningsalternativ som \u00e4r b\u00e5de effektiva och milj\u00f6ansvariga. I den h\u00e4r artikeln unders\u00f6ker vi varf\u00f6r torkad ved \u00e4r ett utm\u00e4rkt val och hur du v\u00e4ljer den b\u00e4sta veden f\u00f6r dina behov.   <\/p>\n\n\n\n<h2 class=\"wp-block-heading\" id=\"why-choose-dried-firewood\" data-block-type=\"core\">Varf\u00f6r v\u00e4lja torkad ved?<\/h2>\n\n\n\n<ul class=\"wp-block-list\" data-block-type=\"core\">\n<li data-block-type=\"core\"><strong>H\u00f6gre v\u00e4rmev\u00e4rde:<\/strong> Torkad ved inneh\u00e5ller betydligt mindre fukt \u00e4n f\u00e4rsk ved, vilket g\u00f6r att den brinner varmare och mer effektivt. Det inneb\u00e4r att det beh\u00f6vs mindre ved f\u00f6r att generera samma m\u00e4ngd v\u00e4rme, vilket minskar b\u00e5de uppv\u00e4rmningskostnaderna och resursf\u00f6rbrukningen. <\/li>\n\n\n\n<li data-block-type=\"core\"><strong>Renare f\u00f6rbr\u00e4nning:<\/strong> Den l\u00e4gre fukthalten bidrar till en renare f\u00f6rbr\u00e4nning och minimerar produktionen av sot och r\u00f6k.<\/li>\n\n\n\n<li data-block-type=\"core\"><strong>F\u00f6rdelar f\u00f6r milj\u00f6n:<\/strong> Anv\u00e4ndning av torkad ved minskar CO2-utsl\u00e4ppen j\u00e4mf\u00f6rt med v\u00e5t eller delvis torkad ved. N\u00e4r veden kommer fr\u00e5n h\u00e5llbart sk\u00f6tta skogar bidrar den till att bevara skogarna och den biologiska m\u00e5ngfalden. <\/li>\n<\/ul>\n\n\n\n<h2 class=\"wp-block-heading\" id=\"how-to-select-the-best-dried-firewood\" data-block-type=\"core\">Hur man v\u00e4ljer den b\u00e4sta torkade veden<\/h2>\n\n\n\n<h2 class=\"wp-block-heading\" data-block-type=\"core\">Fukthalt<\/h2>\n\n\n\n<p>En av de mest kritiska faktorerna som p\u00e5verkar vedens prestanda \u00e4r dess fukthalt. Helst ska torkad ved ha en fuktniv\u00e5 p\u00e5 20 % eller mindre. Ved med denna fuktniv\u00e5 brinner j\u00e4mnt, producerar maximal v\u00e4rme och f\u00f6rb\u00e4ttrar f\u00f6rbr\u00e4nningseffektiviteten, vilket g\u00f6r uppv\u00e4rmningen mer kostnadseffektiv och milj\u00f6v\u00e4nlig.  <\/p>\n\n\n\n<h2 class=\"wp-block-heading\" data-block-type=\"core\">Betydelsen av fukthalt<\/h2>\n\n\n\n<p>Tr\u00e4 som \u00e4r f\u00f6r v\u00e5tt brinner ineffektivt och producerar mycket r\u00f6k och sot samtidigt som det genererar mindre v\u00e4rme. Dessutom \u00f6kar risken f\u00f6r att skorstenen t\u00e4pps till om man eldar med ved som har h\u00f6g fukthalt, vilket kan utg\u00f6ra en brandrisk. <\/p>\n\n\n\n<h2 class=\"wp-block-heading\" data-block-type=\"core\">Torkningsprocess<\/h2>\n\n\n\n<p>Ved som torkats i ugn genomg\u00e5r en kontrollerad torkningsprocess, antingen genom naturlig lufttorkning eller genom att anv\u00e4nda specialugnar som p\u00e5skyndar torkningen. Lufttorkning kr\u00e4ver tillr\u00e4ckligt med tid och korrekt f\u00f6rvaring med bra luftfl\u00f6de och fuktskydd. Torkning i ugn ger exakt fuktkontroll och s\u00e4kerst\u00e4ller j\u00e4mn kvalitet.  <\/p>\n\n\n\n<h2 class=\"wp-block-heading\" data-block-type=\"core\">Kontroll av fukthalt<\/h2>\n\n\n\n<p>F\u00f6re anv\u00e4ndning rekommenderas att fukthalten m\u00e4ts med en fuktm\u00e4tare f\u00f6r att garantera att veden \u00e4r tillr\u00e4ckligt torr f\u00f6r effektiv uppv\u00e4rmning.<\/p>\n\n\n\n<h2 class=\"wp-block-heading\" id=\"additional-factors-to-consider\" data-block-type=\"core\">Ytterligare faktorer att ta h\u00e4nsyn till<\/h2>\n\n\n\n<ul class=\"wp-block-list\" data-block-type=\"core\">\n<li data-block-type=\"core\"><strong>Tr\u00e4slag:<\/strong> Olika tr\u00e4slag har olika f\u00f6rbr\u00e4nningsegenskaper. Bj\u00f6rk brinner t.ex. snabbt och l\u00e4mpar sig f\u00f6r korta uppv\u00e4rmningsperioder, medan ek brinner l\u00e5ngsamt och l\u00e4mpar sig f\u00f6r l\u00e5ngvarig v\u00e4rme. <\/li>\n\n\n\n<li data-block-type=\"core\"><strong>Ursprung och certifiering:<\/strong> V\u00e4lj ved som \u00e4r certifierad av organisationer som FSC eller PEFC, vilket inneb\u00e4r att den kommer fr\u00e5n h\u00e5llbart sk\u00f6tta skogar.<\/li>\n\n\n\n<li data-block-type=\"core\"><strong>Leverant\u00f6rens tillf\u00f6rlitlighet:<\/strong> V\u00e4lj p\u00e5litliga leverant\u00f6rer som tillhandah\u00e5ller certifierad ved av h\u00f6g kvalitet och som \u00e4r \u00f6ppna n\u00e4r det g\u00e4ller produkternas ursprung och kundfeedback.<\/li>\n<\/ul>\n\n\n\n<h2 class=\"wp-block-heading\" id=\"benefits-of-using-dried-firewood\" data-block-type=\"core\">F\u00f6rdelar med att anv\u00e4nda torkad ved<\/h2>\n\n\n\n<ul class=\"wp-block-list\" data-block-type=\"core\">\n<li data-block-type=\"core\">F\u00f6rb\u00e4ttrad f\u00f6rbr\u00e4nningseffektivitet leder till snabbare f\u00f6rbr\u00e4nning och h\u00f6gre v\u00e4rmeeffekt, vilket s\u00e4nker uppv\u00e4rmningskostnaderna.<\/li>\n\n\n\n<li data-block-type=\"core\">Renare f\u00f6rbr\u00e4nning leder till mindre luftf\u00f6roreningar inomhus och utomhus.<\/li>\n\n\n\n<li data-block-type=\"core\">Minskad sotbildning f\u00f6rl\u00e4nger skorstenens livsl\u00e4ngd och minskar reng\u00f6ringsfrekvensen.<\/li>\n\n\n\n<li data-block-type=\"core\">Milj\u00f6v\u00e4nlig anv\u00e4ndning minimerar luftf\u00f6roreningar och fr\u00e4mjar h\u00e5llbarhet.<\/li>\n<\/ul>\n\n\n\n<h2 class=\"wp-block-heading\" id=\"conclusion\" data-block-type=\"core\">Slutsats<\/h2>\n\n\n\n<p>Att v\u00e4lja torrtorkad ved f\u00f6r uppv\u00e4rmning \u00e4r en smart investering i effektivitet, milj\u00f6ansvar och kostnadseffektivitet. Oavsett om du v\u00e4rmer upp ett hem, en stuga eller en arbetsplats ger torkad ved av h\u00f6g kvalitet \u00f6verl\u00e4gset v\u00e4rmev\u00e4rde och renare f\u00f6rbr\u00e4nning. Genom att g\u00f6ra ett v\u00e4lgrundat val bidrar du till en h\u00e5llbar framtid samtidigt som du h\u00e5ller dig varm.  <\/p>\n\n\n\n<p>Vill du se till att ditt hem h\u00e5ller sig varmt p\u00e5 det mest milj\u00f6v\u00e4nliga s\u00e4ttet? V\u00e5r torkade ved erbjuder h\u00f6g kvalitet, ren f\u00f6rbr\u00e4nning och en idealisk fuktniv\u00e5 f\u00f6r effektiv uppv\u00e4rmning. F\u00f6rbered dig f\u00f6r den kalla \u00e5rstiden redan nu genom att <a href=\"https:\/\/bestfirewood.eu\/sv\/kontakt\/\" target=\"_blank\" rel=\"noreferrer noopener\">kontakta oss<\/a> f\u00f6r att hitta den perfekta vedl\u00f6sningen. V\u00e5rt team hj\u00e4lper dig att v\u00e4lja den b\u00e4sta veden f\u00f6r att h\u00e5lla ditt hem varmt och bekv\u00e4mt samtidigt som du st\u00f6djer en h\u00e5llbar milj\u00f6.<\/p>\n\n\n\n<hr class=\"wp-block-separator has-alpha-channel-opacity\"\/ data-block-type=\"core\">\n\n\n\n<p><\/p>\n","protected":false},"excerpt":{"rendered":"<p>Torkad ved har blivit en alltmer popul\u00e4r uppv\u00e4rmningsl\u00f6sning f\u00f6r privata hem, stugor och f\u00f6retag, och erbjuder ett effektivt, milj\u00f6v\u00e4nligt och bekv\u00e4mt s\u00e4tt att h\u00e5lla sig varm under de kallare m\u00e5naderna. Detta \u00e4r s\u00e4rskilt viktigt i Estland, d\u00e4r vintrarna kan vara l\u00e5nga och h\u00e5rda. Det \u00e4r viktigt att hitta uppv\u00e4rmningsalternativ som \u00e4r b\u00e5de effektiva och milj\u00f6ansvariga. [&hellip;]<\/p>\n","protected":false},"author":1,"featured_media":0,"parent":1078,"menu_order":0,"comment_status":"closed","ping_status":"closed","template":"","meta":{"_uag_custom_page_level_css":"","footnotes":""},"class_list":["post-1742","page","type-page","status-publish","hentry"],"blocksy_meta":[],"yoast_head":"<!-- This site is optimized with the Yoast SEO Premium plugin v26.4 (Yoast SEO v27.4) - https:\/\/yoast.com\/product\/yoast-seo-premium-wordpress\/ -->\n<title>Torkad ved | Best Firewood %<\/title>\n<meta name=\"robots\" content=\"index, follow, max-snippet:-1, max-image-preview:large, max-video-preview:-1\" \/>\n<link rel=\"canonical\" href=\"https:\/\/bestfirewood.eu\/sv\/om\/torkad-ved\/\" \/>\n<meta property=\"og:locale\" content=\"sv_SE\" \/>\n<meta property=\"og:type\" content=\"article\" \/>\n<meta property=\"og:title\" content=\"Torkad ved\" \/>\n<meta property=\"og:description\" content=\"Torkad ved har blivit en alltmer popul\u00e4r uppv\u00e4rmningsl\u00f6sning f\u00f6r privata hem, stugor och f\u00f6retag, och erbjuder ett effektivt, milj\u00f6v\u00e4nligt och bekv\u00e4mt s\u00e4tt att h\u00e5lla sig varm under de kallare m\u00e5naderna. Detta \u00e4r s\u00e4rskilt viktigt i Estland, d\u00e4r vintrarna kan vara l\u00e5nga och h\u00e5rda. Det \u00e4r viktigt att hitta uppv\u00e4rmningsalternativ som \u00e4r b\u00e5de effektiva och milj\u00f6ansvariga. [&hellip;]\" \/>\n<meta property=\"og:url\" content=\"https:\/\/bestfirewood.eu\/sv\/om\/torkad-ved\/\" \/>\n<meta property=\"og:site_name\" content=\"Best Firewood\" \/>\n<meta property=\"article:publisher\" content=\"https:\/\/www.facebook.com\/profile.php?id=61581140453292\" \/>\n<meta property=\"article:modified_time\" content=\"2025-09-08T11:26:34+00:00\" \/>\n<meta property=\"og:image\" content=\"https:\/\/bestfirewood.eu\/wp-content\/uploads\/2025\/08\/image.jpg\" \/>\n\t<meta property=\"og:image:width\" content=\"1024\" \/>\n\t<meta property=\"og:image:height\" content=\"1024\" \/>\n\t<meta property=\"og:image:type\" content=\"image\/jpeg\" \/>\n<meta name=\"twitter:card\" content=\"summary_large_image\" \/>\n<meta name=\"twitter:label1\" content=\"Ber\u00e4knad l\u00e4stid\" \/>\n\t<meta name=\"twitter:data1\" content=\"3 minuter\" \/>\n<script type=\"application\/ld+json\" class=\"yoast-schema-graph\">{\"@context\":\"https:\\\/\\\/schema.org\",\"@graph\":[{\"@type\":\"WebPage\",\"@id\":\"https:\\\/\\\/bestfirewood.eu\\\/sv\\\/om\\\/torkad-ved\\\/\",\"url\":\"https:\\\/\\\/bestfirewood.eu\\\/sv\\\/om\\\/torkad-ved\\\/\",\"name\":\"Torkad ved | Best Firewood %\",\"isPartOf\":{\"@id\":\"https:\\\/\\\/bestfirewood.eu\\\/sv\\\/#website\"},\"primaryImageOfPage\":{\"@id\":\"https:\\\/\\\/bestfirewood.eu\\\/sv\\\/om\\\/torkad-ved\\\/#primaryimage\"},\"image\":{\"@id\":\"https:\\\/\\\/bestfirewood.eu\\\/sv\\\/om\\\/torkad-ved\\\/#primaryimage\"},\"thumbnailUrl\":\"https:\\\/\\\/bestfirewood.eu\\\/wp-content\\\/uploads\\\/2025\\\/08\\\/image.jpg\",\"datePublished\":\"2025-08-31T14:34:46+00:00\",\"dateModified\":\"2025-09-08T11:26:34+00:00\",\"breadcrumb\":{\"@id\":\"https:\\\/\\\/bestfirewood.eu\\\/sv\\\/om\\\/torkad-ved\\\/#breadcrumb\"},\"inLanguage\":\"sv-SE\",\"potentialAction\":[{\"@type\":\"ReadAction\",\"target\":[\"https:\\\/\\\/bestfirewood.eu\\\/sv\\\/om\\\/torkad-ved\\\/\"]}]},{\"@type\":\"ImageObject\",\"inLanguage\":\"sv-SE\",\"@id\":\"https:\\\/\\\/bestfirewood.eu\\\/sv\\\/om\\\/torkad-ved\\\/#primaryimage\",\"url\":\"https:\\\/\\\/bestfirewood.eu\\\/wp-content\\\/uploads\\\/2025\\\/08\\\/image.jpg\",\"contentUrl\":\"https:\\\/\\\/bestfirewood.eu\\\/wp-content\\\/uploads\\\/2025\\\/08\\\/image.jpg\"},{\"@type\":\"BreadcrumbList\",\"@id\":\"https:\\\/\\\/bestfirewood.eu\\\/sv\\\/om\\\/torkad-ved\\\/#breadcrumb\",\"itemListElement\":[{\"@type\":\"ListItem\",\"position\":1,\"name\":\"Home\",\"item\":\"https:\\\/\\\/bestfirewood.eu\\\/sv\\\/\"},{\"@type\":\"ListItem\",\"position\":2,\"name\":\"Om\",\"item\":\"https:\\\/\\\/bestfirewood.eu\\\/sv\\\/om\\\/\"},{\"@type\":\"ListItem\",\"position\":3,\"name\":\"Torkad ved\"}]},{\"@type\":\"WebSite\",\"@id\":\"https:\\\/\\\/bestfirewood.eu\\\/sv\\\/#website\",\"url\":\"https:\\\/\\\/bestfirewood.eu\\\/sv\\\/\",\"name\":\"besfirewood.eu\",\"description\":\"We are an Estonian firewood producer and exporter specializing in high-quality, kiln and naturally dried firewood\",\"publisher\":{\"@id\":\"https:\\\/\\\/bestfirewood.eu\\\/sv\\\/#organization\"},\"alternateName\":\"Best Scandinavian Firewood\",\"potentialAction\":[{\"@type\":\"SearchAction\",\"target\":{\"@type\":\"EntryPoint\",\"urlTemplate\":\"https:\\\/\\\/bestfirewood.eu\\\/sv\\\/?s={search_term_string}\"},\"query-input\":{\"@type\":\"PropertyValueSpecification\",\"valueRequired\":true,\"valueName\":\"search_term_string\"}}],\"inLanguage\":\"sv-SE\"},{\"@type\":[\"Organization\",\"Place\"],\"@id\":\"https:\\\/\\\/bestfirewood.eu\\\/sv\\\/#organization\",\"name\":\"Best Scandinavian Firewood\",\"alternateName\":\"Aldebrand O\u00dc\",\"url\":\"https:\\\/\\\/bestfirewood.eu\\\/sv\\\/\",\"logo\":{\"@id\":\"https:\\\/\\\/bestfirewood.eu\\\/sv\\\/om\\\/torkad-ved\\\/#local-main-organization-logo\"},\"image\":{\"@id\":\"https:\\\/\\\/bestfirewood.eu\\\/sv\\\/om\\\/torkad-ved\\\/#local-main-organization-logo\"},\"sameAs\":[\"https:\\\/\\\/www.facebook.com\\\/profile.php?id=61581140453292\",\"https:\\\/\\\/www.instagram.com\\\/bestestonianfirewood\\\/\",\"https:\\\/\\\/www.linkedin.com\\\/company\\\/bestfirewood\\\/\"],\"foundingDate\":\"2012-01-01\",\"telephone\":[],\"openingHoursSpecification\":[{\"@type\":\"OpeningHoursSpecification\",\"dayOfWeek\":[\"Monday\",\"Tuesday\",\"Wednesday\",\"Thursday\",\"Friday\",\"Saturday\",\"Sunday\"],\"opens\":\"09:00\",\"closes\":\"17:00\"}]},{\"@type\":\"ImageObject\",\"inLanguage\":\"sv-SE\",\"@id\":\"https:\\\/\\\/bestfirewood.eu\\\/sv\\\/om\\\/torkad-ved\\\/#local-main-organization-logo\",\"url\":\"https:\\\/\\\/bestfirewood.eu\\\/wp-content\\\/uploads\\\/2025\\\/05\\\/cropped-Bestfirewood-Catalog-ENG-1-e1747383934149.png\",\"contentUrl\":\"https:\\\/\\\/bestfirewood.eu\\\/wp-content\\\/uploads\\\/2025\\\/05\\\/cropped-Bestfirewood-Catalog-ENG-1-e1747383934149.png\",\"width\":512,\"height\":512,\"caption\":\"Best Scandinavian Firewood\"}]}<\/script>\n<!-- \/ Yoast SEO Premium plugin. -->","yoast_head_json":{"title":"Torkad ved | Best Firewood %","robots":{"index":"index","follow":"follow","max-snippet":"max-snippet:-1","max-image-preview":"max-image-preview:large","max-video-preview":"max-video-preview:-1"},"canonical":"https:\/\/bestfirewood.eu\/sv\/om\/torkad-ved\/","og_locale":"sv_SE","og_type":"article","og_title":"Torkad ved","og_description":"Torkad ved har blivit en alltmer popul\u00e4r uppv\u00e4rmningsl\u00f6sning f\u00f6r privata hem, stugor och f\u00f6retag, och erbjuder ett effektivt, milj\u00f6v\u00e4nligt och bekv\u00e4mt s\u00e4tt att h\u00e5lla sig varm under de kallare m\u00e5naderna. Detta \u00e4r s\u00e4rskilt viktigt i Estland, d\u00e4r vintrarna kan vara l\u00e5nga och h\u00e5rda. Det \u00e4r viktigt att hitta uppv\u00e4rmningsalternativ som \u00e4r b\u00e5de effektiva och milj\u00f6ansvariga. [&hellip;]","og_url":"https:\/\/bestfirewood.eu\/sv\/om\/torkad-ved\/","og_site_name":"Best Firewood","article_publisher":"https:\/\/www.facebook.com\/profile.php?id=61581140453292","article_modified_time":"2025-09-08T11:26:34+00:00","og_image":[{"width":1024,"height":1024,"url":"https:\/\/bestfirewood.eu\/wp-content\/uploads\/2025\/08\/image.jpg","type":"image\/jpeg"}],"twitter_card":"summary_large_image","twitter_misc":{"Ber\u00e4knad l\u00e4stid":"3 minuter"},"schema":{"@context":"https:\/\/schema.org","@graph":[{"@type":"WebPage","@id":"https:\/\/bestfirewood.eu\/sv\/om\/torkad-ved\/","url":"https:\/\/bestfirewood.eu\/sv\/om\/torkad-ved\/","name":"Torkad ved | Best Firewood %","isPartOf":{"@id":"https:\/\/bestfirewood.eu\/sv\/#website"},"primaryImageOfPage":{"@id":"https:\/\/bestfirewood.eu\/sv\/om\/torkad-ved\/#primaryimage"},"image":{"@id":"https:\/\/bestfirewood.eu\/sv\/om\/torkad-ved\/#primaryimage"},"thumbnailUrl":"https:\/\/bestfirewood.eu\/wp-content\/uploads\/2025\/08\/image.jpg","datePublished":"2025-08-31T14:34:46+00:00","dateModified":"2025-09-08T11:26:34+00:00","breadcrumb":{"@id":"https:\/\/bestfirewood.eu\/sv\/om\/torkad-ved\/#breadcrumb"},"inLanguage":"sv-SE","potentialAction":[{"@type":"ReadAction","target":["https:\/\/bestfirewood.eu\/sv\/om\/torkad-ved\/"]}]},{"@type":"ImageObject","inLanguage":"sv-SE","@id":"https:\/\/bestfirewood.eu\/sv\/om\/torkad-ved\/#primaryimage","url":"https:\/\/bestfirewood.eu\/wp-content\/uploads\/2025\/08\/image.jpg","contentUrl":"https:\/\/bestfirewood.eu\/wp-content\/uploads\/2025\/08\/image.jpg"},{"@type":"BreadcrumbList","@id":"https:\/\/bestfirewood.eu\/sv\/om\/torkad-ved\/#breadcrumb","itemListElement":[{"@type":"ListItem","position":1,"name":"Home","item":"https:\/\/bestfirewood.eu\/sv\/"},{"@type":"ListItem","position":2,"name":"Om","item":"https:\/\/bestfirewood.eu\/sv\/om\/"},{"@type":"ListItem","position":3,"name":"Torkad ved"}]},{"@type":"WebSite","@id":"https:\/\/bestfirewood.eu\/sv\/#website","url":"https:\/\/bestfirewood.eu\/sv\/","name":"besfirewood.eu","description":"We are an Estonian firewood producer and exporter specializing in high-quality, kiln and naturally dried firewood","publisher":{"@id":"https:\/\/bestfirewood.eu\/sv\/#organization"},"alternateName":"Best Scandinavian Firewood","potentialAction":[{"@type":"SearchAction","target":{"@type":"EntryPoint","urlTemplate":"https:\/\/bestfirewood.eu\/sv\/?s={search_term_string}"},"query-input":{"@type":"PropertyValueSpecification","valueRequired":true,"valueName":"search_term_string"}}],"inLanguage":"sv-SE"},{"@type":["Organization","Place"],"@id":"https:\/\/bestfirewood.eu\/sv\/#organization","name":"Best Scandinavian Firewood","alternateName":"Aldebrand O\u00dc","url":"https:\/\/bestfirewood.eu\/sv\/","logo":{"@id":"https:\/\/bestfirewood.eu\/sv\/om\/torkad-ved\/#local-main-organization-logo"},"image":{"@id":"https:\/\/bestfirewood.eu\/sv\/om\/torkad-ved\/#local-main-organization-logo"},"sameAs":["https:\/\/www.facebook.com\/profile.php?id=61581140453292","https:\/\/www.instagram.com\/bestestonianfirewood\/","https:\/\/www.linkedin.com\/company\/bestfirewood\/"],"foundingDate":"2012-01-01","telephone":[],"openingHoursSpecification":[{"@type":"OpeningHoursSpecification","dayOfWeek":["Monday","Tuesday","Wednesday","Thursday","Friday","Saturday","Sunday"],"opens":"09:00","closes":"17:00"}]},{"@type":"ImageObject","inLanguage":"sv-SE","@id":"https:\/\/bestfirewood.eu\/sv\/om\/torkad-ved\/#local-main-organization-logo","url":"https:\/\/bestfirewood.eu\/wp-content\/uploads\/2025\/05\/cropped-Bestfirewood-Catalog-ENG-1-e1747383934149.png","contentUrl":"https:\/\/bestfirewood.eu\/wp-content\/uploads\/2025\/05\/cropped-Bestfirewood-Catalog-ENG-1-e1747383934149.png","width":512,"height":512,"caption":"Best Scandinavian Firewood"}]}},"uagb_featured_image_src":{"full":false,"thumbnail":false,"medium":false,"medium_large":false,"large":false,"1536x1536":false,"2048x2048":false},"uagb_author_info":{"display_name":"Bj\u00f6rkved111","author_link":"https:\/\/bestfirewood.eu\/sv\/author\/admin\/"},"uagb_comment_info":0,"uagb_excerpt":"Torkad ved har blivit en alltmer popul\u00e4r uppv\u00e4rmningsl\u00f6sning f\u00f6r privata hem, stugor och f\u00f6retag, och erbjuder ett effektivt, milj\u00f6v\u00e4nligt och bekv\u00e4mt s\u00e4tt att h\u00e5lla sig varm under de kallare m\u00e5naderna. Detta \u00e4r s\u00e4rskilt viktigt i Estland, d\u00e4r vintrarna kan vara l\u00e5nga och h\u00e5rda. Det \u00e4r viktigt att hitta uppv\u00e4rmningsalternativ som \u00e4r b\u00e5de effektiva och milj\u00f6ansvariga.&hellip;","_links":{"self":[{"href":"https:\/\/bestfirewood.eu\/sv\/wp-json\/wp\/v2\/pages\/1742","targetHints":{"allow":["GET"]}}],"collection":[{"href":"https:\/\/bestfirewood.eu\/sv\/wp-json\/wp\/v2\/pages"}],"about":[{"href":"https:\/\/bestfirewood.eu\/sv\/wp-json\/wp\/v2\/types\/page"}],"author":[{"embeddable":true,"href":"https:\/\/bestfirewood.eu\/sv\/wp-json\/wp\/v2\/users\/1"}],"replies":[{"embeddable":true,"href":"https:\/\/bestfirewood.eu\/sv\/wp-json\/wp\/v2\/comments?post=1742"}],"version-history":[{"count":3,"href":"https:\/\/bestfirewood.eu\/sv\/wp-json\/wp\/v2\/pages\/1742\/revisions"}],"predecessor-version":[{"id":1816,"href":"https:\/\/bestfirewood.eu\/sv\/wp-json\/wp\/v2\/pages\/1742\/revisions\/1816"}],"up":[{"embeddable":true,"href":"https:\/\/bestfirewood.eu\/sv\/wp-json\/wp\/v2\/pages\/1078"}],"wp:attachment":[{"href":"https:\/\/bestfirewood.eu\/sv\/wp-json\/wp\/v2\/media?parent=1742"}],"curies":[{"name":"wp","href":"https:\/\/api.w.org\/{rel}","templated":true}]}}