{"id":1750,"date":"2025-09-01T11:07:19","date_gmt":"2025-09-01T11:07:19","guid":{"rendered":"https:\/\/bestfirewood.eu\/att-gora-upp-eld\/"},"modified":"2025-09-02T12:36:43","modified_gmt":"2025-09-02T12:36:43","slug":"att-gora-upp-eld","status":"publish","type":"page","link":"https:\/\/bestfirewood.eu\/sv\/om\/att-gora-upp-eld\/","title":{"rendered":"Att g\u00f6ra upp eld"},"content":{"rendered":"\n<div class=\"wp-block-cover\" data-block-type=\"core\"><img loading=\"lazy\" decoding=\"async\" width=\"1024\" height=\"1024\" class=\"wp-block-cover__image-background wp-image-1707 size-full\" alt=\"\" src=\"https:\/\/bestfirewood.eu\/wp-content\/uploads\/2025\/09\/image.jpg\" style=\"object-position:57% 91%\" data-object-fit=\"cover\" data-object-position=\"57% 91%\" srcset=\"https:\/\/bestfirewood.eu\/wp-content\/uploads\/2025\/09\/image.jpg 1024w, https:\/\/bestfirewood.eu\/wp-content\/uploads\/2025\/09\/image-300x300.jpg 300w, https:\/\/bestfirewood.eu\/wp-content\/uploads\/2025\/09\/image-150x150.jpg 150w, https:\/\/bestfirewood.eu\/wp-content\/uploads\/2025\/09\/image-768x768.jpg 768w\" sizes=\"auto, (max-width: 1024px) 100vw, 1024px\" \/><span aria-hidden=\"true\" class=\"wp-block-cover__background has-background-dim\"><\/span><div class=\"wp-block-cover__inner-container is-layout-flow wp-block-cover-is-layout-flow\">\n<p class=\"has-text-align-center has-large-font-size\"><\/p>\n<\/div><\/div>\n\n<div class=\"wp-block-stackable-text stk-block-text stk-block stk-afcca2e\" data-block-id=\"afcca2e\"><p class=\"stk-block-text__text\"><\/p><\/div>\n\n<p>Att elda hemma, oavsett om det \u00e4r i en braskamin eller \u00f6ppen spis, skapar en mysig atmosf\u00e4r och bidrar till att minska elkostnaderna. F\u00f6r att optimera ditt hems energieffektivitet b\u00f6r du anv\u00e4nda produkter fr\u00e5n \"Estonian Firewood\" i din eldstad. Kom ih\u00e5g att det \u00e4r viktigt att v\u00e4lja r\u00e4tt ved, men att elda den p\u00e5 r\u00e4tt s\u00e4tt \u00e4r lika viktigt f\u00f6r att spara energi och minska milj\u00f6p\u00e5verkan.  <\/p>\n\n<h2 class=\"wp-block-heading\" id=\"responsible-heating\" data-block-type=\"core\">Ansvarsfull uppv\u00e4rmning<\/h2>\n\n<p>Torrt br\u00e4nsle med en fukthalt under 20% \u00e4r ett effektivt fast br\u00e4nsle. F\u00f6rbr\u00e4nning av v\u00e5tt eller obehandlat tr\u00e4 ger upphov till stora m\u00e4ngder restprodukter eftersom fukten f\u00f6rhindrar fullst\u00e4ndig f\u00f6rbr\u00e4nning. Dessa rester byggs upp och minskar v\u00e4rme\u00f6verf\u00f6ringen till kaminen. Exempelvis kan bara 1 mm sot p\u00e5 skorstensv\u00e4ggarna \u00f6ka br\u00e4nslef\u00f6rbrukningen med ca 10%. Alla typer av tr\u00e4 kan anv\u00e4ndas f\u00f6r eldning s\u00e5 l\u00e4nge de \u00e4r torra och inte kemiskt behandlade eller impregnerade.    <\/p>\n\n<p>V\u00e4rmev\u00e4rdena f\u00f6r vanliga tr\u00e4darter (enligt \"Wood fuel\" 2010, SA Private Forest Centre) \u00e4r ungef\u00e4r<\/p>\n\n<ul class=\"wp-block-list\" data-block-type=\"core\">\n<li data-block-type=\"core\">Bj\u00f6rk: 1700 kWh\/rm<\/li>\n\n\n\n<li data-block-type=\"core\">Tall: 1360 kWh\/rm<\/li>\n\n\n\n<li data-block-type=\"core\">Aspen: 1330 kWh\/rm<\/li>\n\n\n\n<li data-block-type=\"core\">Gran: 1320 kWh\/rm<\/li>\n\n\n\n<li data-block-type=\"core\">Alder: 1230 kWh\/rm<\/li>\n<\/ul>\n\n<p>F\u00f6r effektiv uppv\u00e4rmning, ta in veden inomhus 1-2 dagar f\u00f6re anv\u00e4ndning f\u00f6r att acklimatisera den. Anv\u00e4nd stockar med en diameter p\u00e5 mellan 5 och 10 cm. Kom ih\u00e5g att din eldstad inte \u00e4r en soptunna - br\u00e4nn aldrig skr\u00e4p, plast eller andra ol\u00e4mpliga material.  <\/p>\n\n<h2 class=\"wp-block-heading\" id=\"how-to-start-a-fire\" data-block-type=\"core\">Hur man t\u00e4nder en eld<\/h2>\n\n<ol class=\"wp-block-list\" data-block-type=\"core\">\n<li data-block-type=\"core\">Se till att startspj\u00e4llet (luftventilen) \u00e4r \u00f6ppet och att kaminen \u00e4r fri fr\u00e5n aska.<\/li>\n\n\n\n<li data-block-type=\"core\">\u00d6ppna skorstenen helt och se till att kaminluckan \u00e4r ordentligt st\u00e4ngd - inte p\u00e5 gl\u00e4nt.<\/li>\n\n\n\n<li data-block-type=\"core\">Rensa eldstaden fr\u00e5n skr\u00e4p och gl\u00f6drester f\u00f6r att f\u00f6rhindra att gnistor ant\u00e4nder oavsiktliga br\u00e4nder.<\/li>\n\n\n\n<li data-block-type=\"core\">G\u00f6r upp eld med naturlig t\u00e4ndved, t.ex. torra tr\u00e4pellets eller sm\u00e5 tr\u00e4klossar som l\u00e4ggs ovanp\u00e5 vedh\u00f6gen.<\/li>\n\n\n\n<li data-block-type=\"core\">T\u00e4nd elden fr\u00e5n toppen i st\u00e4llet f\u00f6r fr\u00e5n botten. Toppt\u00e4ndning ger en mer fullst\u00e4ndig f\u00f6rbr\u00e4nning och maximal temperatur uppn\u00e5s snabbare. T\u00e4ndning nedifr\u00e5n kan leda till att of\u00f6rbr\u00e4nda vedgaser l\u00e4cker ut i skorstenen.  <\/li>\n<\/ol>\n\n<h2 class=\"wp-block-heading\" id=\"safety-and-maintenance-tips\" data-block-type=\"core\">S\u00e4kerhets- och underh\u00e5llstips<\/h2>\n\n<ul class=\"wp-block-list\" data-block-type=\"core\">\n<li data-block-type=\"core\">Br\u00e4nn aldrig plastp\u00e5sar, f\u00f6rpackningar eller papper, eftersom dessa sl\u00e4pper ut skadliga f\u00f6roreningar som \u00e4ventyrar h\u00e4lsan och milj\u00f6n. Anv\u00e4nd endast torrt, obehandlat tr\u00e4 f\u00f6r uppv\u00e4rmning. <\/li>\n\n\n\n<li data-block-type=\"core\">Under f\u00f6rbr\u00e4nningen ska tillr\u00e4ckligt drag och syrefl\u00f6de uppr\u00e4tth\u00e5llas. Justera luftfl\u00f6det med hj\u00e4lp av brand- eller askutrymmets d\u00f6rrar eller regulatorer. <\/li>\n\n\n\n<li data-block-type=\"core\">H\u00e5ll draget helt \u00f6ppet under aktiv eldning. Anv\u00e4nd startventilen f\u00f6r att t\u00e4nda elden. <\/li>\n\n\n\n<li data-block-type=\"core\">Efter 10-15 minuters br\u00e4nning kan du \u00f6ppna vinterventilen och st\u00e4nga startventilen.<\/li>\n\n\n\n<li data-block-type=\"core\">St\u00e4ng spj\u00e4llet helt f\u00f6rst n\u00e4r det inte l\u00e4ngre finns n\u00e5gon gl\u00f6d kvar. Om spj\u00e4llet st\u00e4ngs f\u00f6r tidigt kan det leda till att giftiga \u00e5ngor samlas i bostaden. <\/li>\n\n\n\n<li data-block-type=\"core\">Installera r\u00f6k- och kolmonoxiddetektorer f\u00f6r s\u00e4kerhets skull.<\/li>\n<\/ul>\n\n<h2 class=\"wp-block-heading\" id=\"ventilation-requirements\" data-block-type=\"core\">Krav p\u00e5 ventilation<\/h2>\n\n<p>F\u00f6r effektiv f\u00f6rbr\u00e4nning kr\u00e4vs cirka 10 kubikmeter luft per 1 kg f\u00f6rbr\u00e4nt tr\u00e4. Se till att ditt hem har tillr\u00e4cklig ventilation f\u00f6r att uppr\u00e4tth\u00e5lla r\u00e4tt tryck och undvika f\u00f6rbr\u00e4nningsproblem. I luftt\u00e4ta hem kan du \u00f6verv\u00e4ga att installera en s\u00e4rskild, isolerad f\u00f6rbr\u00e4nningsluftkanal med spj\u00e4ll f\u00f6r att f\u00e5 frisk luft och s\u00e4kerst\u00e4lla s\u00e4ker f\u00f6rbr\u00e4nning.  <\/p>\n\n<hr class=\"wp-block-separator has-alpha-channel-opacity\"\/ data-block-type=\"core\">\n\n<p>Denna reviderade version inneh\u00e5ller tydliga instruktioner, korrigerar grammatik och stavning och presenterar informationen p\u00e5 ett logiskt och l\u00e4sv\u00e4nligt s\u00e4tt. H\u00e4r \u00e4r en polerad och omstrukturerad version av din text f\u00f6r tydlighet och l\u00e4sbarhet:<\/p>\n\n<hr class=\"wp-block-separator has-alpha-channel-opacity\"\/ data-block-type=\"core\">\n\n<h2 class=\"wp-block-heading\" id=\"making-a-fire\" data-block-type=\"core\">Att g\u00f6ra upp eld<\/h2>\n\n<p>Att elda hemma - i en vedeldad kamin eller \u00f6ppen spis - \u00e4r inte bara mysigt utan bidrar ocks\u00e5 till att minska elkostnaderna. Optimera energianv\u00e4ndningen i ditt hem genom att v\u00e4lja produkter fr\u00e5n \"Estonian Firewood\" f\u00f6r dina uppv\u00e4rmningsbehov. Kom ih\u00e5g att det \u00e4r viktigt att v\u00e4lja r\u00e4tt ved, men att elda den p\u00e5 r\u00e4tt s\u00e4tt \u00e4r lika viktigt f\u00f6r att spara energi och minimera milj\u00f6p\u00e5verkan.  <\/p>\n\n<h2 class=\"wp-block-heading\" id=\"responsible-heating\" data-block-type=\"core\">Ansvarsfull uppv\u00e4rmning<\/h2>\n\n<p>Torrt tr\u00e4 med en fukthalt under 20% \u00e4r ett effektivt fast br\u00e4nsle. F\u00f6rbr\u00e4nning av v\u00e5t eller fuktig ved ger \u00f6verfl\u00f6diga restprodukter, eftersom fukten hindrar fullst\u00e4ndig f\u00f6rbr\u00e4nning. Denna ansamling av rester minskar v\u00e4rme\u00f6verf\u00f6ringseffektiviteten; till exempel kan bara 1 mm sotansamling p\u00e5 skorstensv\u00e4ggar \u00f6ka br\u00e4nslef\u00f6rbrukningen med cirka 10%. Alla tr\u00e4slag kan anv\u00e4ndas f\u00f6r eldning - s\u00e5 l\u00e4nge de \u00e4r torra och obehandlade.   <\/p>\n\n<p>Ungef\u00e4rliga v\u00e4rmev\u00e4rden f\u00f6r vanliga tr\u00e4slag (fr\u00e5n \"Wood fuel\" 2010, SA Private Forest Centre):<\/p>\n\n<ul class=\"wp-block-list\" data-block-type=\"core\">\n<li data-block-type=\"core\">Bj\u00f6rk: 1700 kWh\/rm<\/li>\n\n\n\n<li data-block-type=\"core\">Tall: 1360 kWh\/rm<\/li>\n\n\n\n<li data-block-type=\"core\">Aspen: 1330 kWh\/rm<\/li>\n\n\n\n<li data-block-type=\"core\">Gran: 1320 kWh\/rm<\/li>\n\n\n\n<li data-block-type=\"core\">Alder: 1230 kWh\/rm<\/li>\n<\/ul>\n\n<p>F\u00f6r b\u00e4sta resultat, f\u00f6rvara veden inomhus i 1-2 dagar f\u00f6re eldning och anv\u00e4nd vedtr\u00e4n med en diameter p\u00e5 5-10 cm. Kom ih\u00e5g att aldrig anv\u00e4nda din eldstad f\u00f6r att br\u00e4nna skr\u00e4p, plast eller f\u00f6rpackningsmaterial. <\/p>\n\n<h2 class=\"wp-block-heading\" id=\"how-to-start-a-fire\" data-block-type=\"core\">Hur man t\u00e4nder en eld i en \u00f6ppen spis<\/h2>\n\n<ol class=\"wp-block-list\" data-block-type=\"core\">\n<li data-block-type=\"core\">\u00d6ppna startluckan (luftintaget) och avl\u00e4gsna eventuell aska fr\u00e5n kaminen.<\/li>\n\n\n\n<li data-block-type=\"core\">\u00d6ppna skorstenen helt och h\u00e5llet och se till att kaminluckan \u00e4r ordentligt st\u00e4ngd (inte p\u00e5 gl\u00e4nt).<\/li>\n\n\n\n<li data-block-type=\"core\">Rensa bort skr\u00e4p eller gl\u00f6drester fr\u00e5n eldstaden f\u00f6r att f\u00f6rhindra oavsiktliga gnistor.<\/li>\n\n\n\n<li data-block-type=\"core\">L\u00e4gg naturlig t\u00e4ndved, t.ex. sm\u00e5 tr\u00e4pellets eller block, ovanp\u00e5 vedh\u00f6gen (\"toppt\u00e4ndning\").<\/li>\n\n\n\n<li data-block-type=\"core\">T\u00e4nd elden ovanifr\u00e5n f\u00f6r att snabbare uppn\u00e5 h\u00f6gre f\u00f6rbr\u00e4nningstemperaturer och garantera en renare f\u00f6rbr\u00e4nning. T\u00e4ndning underifr\u00e5n kan leda till att of\u00f6rbr\u00e4nda vedgaser sl\u00e4pps ut i skorstenen. <\/li>\n<\/ol>\n\n<h2 class=\"wp-block-heading\" id=\"safety-and-operation-tips\" data-block-type=\"core\">Tips om s\u00e4kerhet och anv\u00e4ndning<\/h2>\n\n<ul class=\"wp-block-list\" data-block-type=\"core\">\n<li data-block-type=\"core\">Br\u00e4nn inte plast, f\u00f6rpackningar eller skr\u00e4p, eftersom de orsakar skadliga f\u00f6roreningar och h\u00e4lsorisker. Anv\u00e4nd endast torrt, obehandlat tr\u00e4. <\/li>\n\n\n\n<li data-block-type=\"core\">S\u00e4kerst\u00e4ll tillr\u00e4ckligt luftfl\u00f6de under f\u00f6rbr\u00e4nningen med hj\u00e4lp av dragkontroller, t.ex. d\u00f6rrar till brand- eller askutrymmen.<\/li>\n\n\n\n<li data-block-type=\"core\">H\u00e5ll draget helt \u00f6ppet medan elden brinner. Anv\u00e4nd startventilen f\u00f6r att f\u00e5 ig\u00e5ng f\u00f6rbr\u00e4nningen. <\/li>\n\n\n\n<li data-block-type=\"core\">Efter 10-15 minuter kan vinterventilen \u00f6ppnas och startventilen st\u00e4ngas.<\/li>\n\n\n\n<li data-block-type=\"core\">St\u00e4ng spj\u00e4llet f\u00f6rst n\u00e4r det inte finns n\u00e5gon gl\u00f6d kvar; om du st\u00e4nger det f\u00f6r tidigt kan det leda till att farliga \u00e5ngor bildas inomhus.<\/li>\n\n\n\n<li data-block-type=\"core\">Installera r\u00f6k- och kolmonoxiddetektorer f\u00f6r att \u00f6ka s\u00e4kerheten i hemmet.<\/li>\n<\/ul>\n\n<h2 class=\"wp-block-heading\" id=\"ventilation-needs\" data-block-type=\"core\">Ventilationsbehov<\/h2>\n\n<p>F\u00f6r effektiv f\u00f6rbr\u00e4nning kr\u00e4vs ungef\u00e4r 10 kubikmeter luft per kilo f\u00f6rbr\u00e4nt tr\u00e4. Se till att ditt hem har tillr\u00e4cklig ventilation f\u00f6r att uppr\u00e4tth\u00e5lla r\u00e4tt tryck och goda f\u00f6rbr\u00e4nningsf\u00f6rh\u00e5llanden. I luftt\u00e4ta hem rekommenderas installation av en s\u00e4rskild, isolerad f\u00f6rbr\u00e4nningsluftkanal med spj\u00e4ll f\u00f6r att tillf\u00f6ra frisk luft p\u00e5 ett s\u00e4kert s\u00e4tt.  <\/p>\n\n<p><\/p>\n","protected":false},"excerpt":{"rendered":"<p>Att elda hemma, oavsett om det \u00e4r i en braskamin eller \u00f6ppen spis, skapar en mysig atmosf\u00e4r och bidrar till att minska elkostnaderna. F\u00f6r att optimera ditt hems energieffektivitet b\u00f6r du anv\u00e4nda produkter fr\u00e5n \"Estonian Firewood\" i din eldstad. Kom ih\u00e5g att det \u00e4r viktigt att v\u00e4lja r\u00e4tt ved, men att elda den p\u00e5 r\u00e4tt [&hellip;]<\/p>\n","protected":false},"author":1,"featured_media":0,"parent":1078,"menu_order":0,"comment_status":"closed","ping_status":"closed","template":"","meta":{"_uag_custom_page_level_css":"","footnotes":""},"class_list":["post-1750","page","type-page","status-publish","hentry"],"blocksy_meta":[],"yoast_head":"<!-- This site is optimized with the Yoast SEO Premium plugin v26.4 (Yoast SEO v27.4) - https:\/\/yoast.com\/product\/yoast-seo-premium-wordpress\/ -->\n<title>Att g\u00f6ra upp eld | Best Firewood %<\/title>\n<meta name=\"robots\" content=\"index, follow, max-snippet:-1, max-image-preview:large, max-video-preview:-1\" \/>\n<link rel=\"canonical\" href=\"https:\/\/bestfirewood.eu\/sv\/om\/att-gora-upp-eld\/\" \/>\n<meta property=\"og:locale\" content=\"sv_SE\" \/>\n<meta property=\"og:type\" content=\"article\" \/>\n<meta property=\"og:title\" content=\"Att g\u00f6ra upp eld\" \/>\n<meta property=\"og:description\" content=\"Att elda hemma, oavsett om det \u00e4r i en braskamin eller \u00f6ppen spis, skapar en mysig atmosf\u00e4r och bidrar till att minska elkostnaderna. F\u00f6r att optimera ditt hems energieffektivitet b\u00f6r du anv\u00e4nda produkter fr\u00e5n &quot;Estonian Firewood&quot; i din eldstad. Kom ih\u00e5g att det \u00e4r viktigt att v\u00e4lja r\u00e4tt ved, men att elda den p\u00e5 r\u00e4tt [&hellip;]\" \/>\n<meta property=\"og:url\" content=\"https:\/\/bestfirewood.eu\/sv\/om\/att-gora-upp-eld\/\" \/>\n<meta property=\"og:site_name\" content=\"Best Firewood\" \/>\n<meta property=\"article:publisher\" content=\"https:\/\/www.facebook.com\/profile.php?id=61581140453292\" \/>\n<meta property=\"article:modified_time\" content=\"2025-09-02T12:36:43+00:00\" \/>\n<meta property=\"og:image\" content=\"https:\/\/bestfirewood.eu\/wp-content\/uploads\/2025\/09\/image.jpg\" \/>\n\t<meta property=\"og:image:width\" content=\"1024\" \/>\n\t<meta property=\"og:image:height\" content=\"1024\" \/>\n\t<meta property=\"og:image:type\" content=\"image\/jpeg\" \/>\n<meta name=\"twitter:card\" content=\"summary_large_image\" \/>\n<meta name=\"twitter:label1\" content=\"Ber\u00e4knad l\u00e4stid\" \/>\n\t<meta name=\"twitter:data1\" content=\"6 minuter\" \/>\n<script type=\"application\/ld+json\" class=\"yoast-schema-graph\">{\"@context\":\"https:\\\/\\\/schema.org\",\"@graph\":[{\"@type\":\"WebPage\",\"@id\":\"https:\\\/\\\/bestfirewood.eu\\\/sv\\\/om\\\/att-gora-upp-eld\\\/\",\"url\":\"https:\\\/\\\/bestfirewood.eu\\\/sv\\\/om\\\/att-gora-upp-eld\\\/\",\"name\":\"Att g\u00f6ra upp eld | Best Firewood %\",\"isPartOf\":{\"@id\":\"https:\\\/\\\/bestfirewood.eu\\\/sv\\\/#website\"},\"primaryImageOfPage\":{\"@id\":\"https:\\\/\\\/bestfirewood.eu\\\/sv\\\/om\\\/att-gora-upp-eld\\\/#primaryimage\"},\"image\":{\"@id\":\"https:\\\/\\\/bestfirewood.eu\\\/sv\\\/om\\\/att-gora-upp-eld\\\/#primaryimage\"},\"thumbnailUrl\":\"https:\\\/\\\/bestfirewood.eu\\\/wp-content\\\/uploads\\\/2025\\\/09\\\/image.jpg\",\"datePublished\":\"2025-09-01T11:07:19+00:00\",\"dateModified\":\"2025-09-02T12:36:43+00:00\",\"breadcrumb\":{\"@id\":\"https:\\\/\\\/bestfirewood.eu\\\/sv\\\/om\\\/att-gora-upp-eld\\\/#breadcrumb\"},\"inLanguage\":\"sv-SE\",\"potentialAction\":[{\"@type\":\"ReadAction\",\"target\":[\"https:\\\/\\\/bestfirewood.eu\\\/sv\\\/om\\\/att-gora-upp-eld\\\/\"]}]},{\"@type\":\"ImageObject\",\"inLanguage\":\"sv-SE\",\"@id\":\"https:\\\/\\\/bestfirewood.eu\\\/sv\\\/om\\\/att-gora-upp-eld\\\/#primaryimage\",\"url\":\"https:\\\/\\\/bestfirewood.eu\\\/wp-content\\\/uploads\\\/2025\\\/09\\\/image.jpg\",\"contentUrl\":\"https:\\\/\\\/bestfirewood.eu\\\/wp-content\\\/uploads\\\/2025\\\/09\\\/image.jpg\"},{\"@type\":\"BreadcrumbList\",\"@id\":\"https:\\\/\\\/bestfirewood.eu\\\/sv\\\/om\\\/att-gora-upp-eld\\\/#breadcrumb\",\"itemListElement\":[{\"@type\":\"ListItem\",\"position\":1,\"name\":\"Home\",\"item\":\"https:\\\/\\\/bestfirewood.eu\\\/sv\\\/\"},{\"@type\":\"ListItem\",\"position\":2,\"name\":\"Att g\u00f6ra upp eld\"}]},{\"@type\":\"WebSite\",\"@id\":\"https:\\\/\\\/bestfirewood.eu\\\/sv\\\/#website\",\"url\":\"https:\\\/\\\/bestfirewood.eu\\\/sv\\\/\",\"name\":\"besfirewood.eu\",\"description\":\"We are an Estonian firewood producer and exporter specializing in high-quality, kiln and naturally dried firewood\",\"publisher\":{\"@id\":\"https:\\\/\\\/bestfirewood.eu\\\/sv\\\/#organization\"},\"alternateName\":\"Best Scandinavian Firewood\",\"potentialAction\":[{\"@type\":\"SearchAction\",\"target\":{\"@type\":\"EntryPoint\",\"urlTemplate\":\"https:\\\/\\\/bestfirewood.eu\\\/sv\\\/?s={search_term_string}\"},\"query-input\":{\"@type\":\"PropertyValueSpecification\",\"valueRequired\":true,\"valueName\":\"search_term_string\"}}],\"inLanguage\":\"sv-SE\"},{\"@type\":[\"Organization\",\"Place\"],\"@id\":\"https:\\\/\\\/bestfirewood.eu\\\/sv\\\/#organization\",\"name\":\"Best Scandinavian Firewood\",\"alternateName\":\"Aldebrand O\u00dc\",\"url\":\"https:\\\/\\\/bestfirewood.eu\\\/sv\\\/\",\"logo\":{\"@id\":\"https:\\\/\\\/bestfirewood.eu\\\/sv\\\/om\\\/att-gora-upp-eld\\\/#local-main-organization-logo\"},\"image\":{\"@id\":\"https:\\\/\\\/bestfirewood.eu\\\/sv\\\/om\\\/att-gora-upp-eld\\\/#local-main-organization-logo\"},\"sameAs\":[\"https:\\\/\\\/www.facebook.com\\\/profile.php?id=61581140453292\",\"https:\\\/\\\/www.instagram.com\\\/bestestonianfirewood\\\/\",\"https:\\\/\\\/www.linkedin.com\\\/company\\\/bestfirewood\\\/\"],\"foundingDate\":\"2012-01-01\",\"telephone\":[],\"openingHoursSpecification\":[{\"@type\":\"OpeningHoursSpecification\",\"dayOfWeek\":[\"Monday\",\"Tuesday\",\"Wednesday\",\"Thursday\",\"Friday\",\"Saturday\",\"Sunday\"],\"opens\":\"09:00\",\"closes\":\"17:00\"}]},{\"@type\":\"ImageObject\",\"inLanguage\":\"sv-SE\",\"@id\":\"https:\\\/\\\/bestfirewood.eu\\\/sv\\\/om\\\/att-gora-upp-eld\\\/#local-main-organization-logo\",\"url\":\"https:\\\/\\\/bestfirewood.eu\\\/wp-content\\\/uploads\\\/2025\\\/05\\\/cropped-Bestfirewood-Catalog-ENG-1-e1747383934149.png\",\"contentUrl\":\"https:\\\/\\\/bestfirewood.eu\\\/wp-content\\\/uploads\\\/2025\\\/05\\\/cropped-Bestfirewood-Catalog-ENG-1-e1747383934149.png\",\"width\":512,\"height\":512,\"caption\":\"Best Scandinavian Firewood\"}]}<\/script>\n<!-- \/ Yoast SEO Premium plugin. -->","yoast_head_json":{"title":"Att g\u00f6ra upp eld | Best Firewood %","robots":{"index":"index","follow":"follow","max-snippet":"max-snippet:-1","max-image-preview":"max-image-preview:large","max-video-preview":"max-video-preview:-1"},"canonical":"https:\/\/bestfirewood.eu\/sv\/om\/att-gora-upp-eld\/","og_locale":"sv_SE","og_type":"article","og_title":"Att g\u00f6ra upp eld","og_description":"Att elda hemma, oavsett om det \u00e4r i en braskamin eller \u00f6ppen spis, skapar en mysig atmosf\u00e4r och bidrar till att minska elkostnaderna. F\u00f6r att optimera ditt hems energieffektivitet b\u00f6r du anv\u00e4nda produkter fr\u00e5n \"Estonian Firewood\" i din eldstad. Kom ih\u00e5g att det \u00e4r viktigt att v\u00e4lja r\u00e4tt ved, men att elda den p\u00e5 r\u00e4tt [&hellip;]","og_url":"https:\/\/bestfirewood.eu\/sv\/om\/att-gora-upp-eld\/","og_site_name":"Best Firewood","article_publisher":"https:\/\/www.facebook.com\/profile.php?id=61581140453292","article_modified_time":"2025-09-02T12:36:43+00:00","og_image":[{"width":1024,"height":1024,"url":"https:\/\/bestfirewood.eu\/wp-content\/uploads\/2025\/09\/image.jpg","type":"image\/jpeg"}],"twitter_card":"summary_large_image","twitter_misc":{"Ber\u00e4knad l\u00e4stid":"6 minuter"},"schema":{"@context":"https:\/\/schema.org","@graph":[{"@type":"WebPage","@id":"https:\/\/bestfirewood.eu\/sv\/om\/att-gora-upp-eld\/","url":"https:\/\/bestfirewood.eu\/sv\/om\/att-gora-upp-eld\/","name":"Att g\u00f6ra upp eld | Best Firewood %","isPartOf":{"@id":"https:\/\/bestfirewood.eu\/sv\/#website"},"primaryImageOfPage":{"@id":"https:\/\/bestfirewood.eu\/sv\/om\/att-gora-upp-eld\/#primaryimage"},"image":{"@id":"https:\/\/bestfirewood.eu\/sv\/om\/att-gora-upp-eld\/#primaryimage"},"thumbnailUrl":"https:\/\/bestfirewood.eu\/wp-content\/uploads\/2025\/09\/image.jpg","datePublished":"2025-09-01T11:07:19+00:00","dateModified":"2025-09-02T12:36:43+00:00","breadcrumb":{"@id":"https:\/\/bestfirewood.eu\/sv\/om\/att-gora-upp-eld\/#breadcrumb"},"inLanguage":"sv-SE","potentialAction":[{"@type":"ReadAction","target":["https:\/\/bestfirewood.eu\/sv\/om\/att-gora-upp-eld\/"]}]},{"@type":"ImageObject","inLanguage":"sv-SE","@id":"https:\/\/bestfirewood.eu\/sv\/om\/att-gora-upp-eld\/#primaryimage","url":"https:\/\/bestfirewood.eu\/wp-content\/uploads\/2025\/09\/image.jpg","contentUrl":"https:\/\/bestfirewood.eu\/wp-content\/uploads\/2025\/09\/image.jpg"},{"@type":"BreadcrumbList","@id":"https:\/\/bestfirewood.eu\/sv\/om\/att-gora-upp-eld\/#breadcrumb","itemListElement":[{"@type":"ListItem","position":1,"name":"Home","item":"https:\/\/bestfirewood.eu\/sv\/"},{"@type":"ListItem","position":2,"name":"Att g\u00f6ra upp eld"}]},{"@type":"WebSite","@id":"https:\/\/bestfirewood.eu\/sv\/#website","url":"https:\/\/bestfirewood.eu\/sv\/","name":"besfirewood.eu","description":"We are an Estonian firewood producer and exporter specializing in high-quality, kiln and naturally dried firewood","publisher":{"@id":"https:\/\/bestfirewood.eu\/sv\/#organization"},"alternateName":"Best Scandinavian Firewood","potentialAction":[{"@type":"SearchAction","target":{"@type":"EntryPoint","urlTemplate":"https:\/\/bestfirewood.eu\/sv\/?s={search_term_string}"},"query-input":{"@type":"PropertyValueSpecification","valueRequired":true,"valueName":"search_term_string"}}],"inLanguage":"sv-SE"},{"@type":["Organization","Place"],"@id":"https:\/\/bestfirewood.eu\/sv\/#organization","name":"Best Scandinavian Firewood","alternateName":"Aldebrand O\u00dc","url":"https:\/\/bestfirewood.eu\/sv\/","logo":{"@id":"https:\/\/bestfirewood.eu\/sv\/om\/att-gora-upp-eld\/#local-main-organization-logo"},"image":{"@id":"https:\/\/bestfirewood.eu\/sv\/om\/att-gora-upp-eld\/#local-main-organization-logo"},"sameAs":["https:\/\/www.facebook.com\/profile.php?id=61581140453292","https:\/\/www.instagram.com\/bestestonianfirewood\/","https:\/\/www.linkedin.com\/company\/bestfirewood\/"],"foundingDate":"2012-01-01","telephone":[],"openingHoursSpecification":[{"@type":"OpeningHoursSpecification","dayOfWeek":["Monday","Tuesday","Wednesday","Thursday","Friday","Saturday","Sunday"],"opens":"09:00","closes":"17:00"}]},{"@type":"ImageObject","inLanguage":"sv-SE","@id":"https:\/\/bestfirewood.eu\/sv\/om\/att-gora-upp-eld\/#local-main-organization-logo","url":"https:\/\/bestfirewood.eu\/wp-content\/uploads\/2025\/05\/cropped-Bestfirewood-Catalog-ENG-1-e1747383934149.png","contentUrl":"https:\/\/bestfirewood.eu\/wp-content\/uploads\/2025\/05\/cropped-Bestfirewood-Catalog-ENG-1-e1747383934149.png","width":512,"height":512,"caption":"Best Scandinavian Firewood"}]}},"uagb_featured_image_src":{"full":false,"thumbnail":false,"medium":false,"medium_large":false,"large":false,"1536x1536":false,"2048x2048":false},"uagb_author_info":{"display_name":"Bj\u00f6rkved111","author_link":"https:\/\/bestfirewood.eu\/sv\/author\/admin\/"},"uagb_comment_info":0,"uagb_excerpt":"Att elda hemma, oavsett om det \u00e4r i en braskamin eller \u00f6ppen spis, skapar en mysig atmosf\u00e4r och bidrar till att minska elkostnaderna. F\u00f6r att optimera ditt hems energieffektivitet b\u00f6r du anv\u00e4nda produkter fr\u00e5n \"Estonian Firewood\" i din eldstad. Kom ih\u00e5g att det \u00e4r viktigt att v\u00e4lja r\u00e4tt ved, men att elda den p\u00e5 r\u00e4tt&hellip;","_links":{"self":[{"href":"https:\/\/bestfirewood.eu\/sv\/wp-json\/wp\/v2\/pages\/1750","targetHints":{"allow":["GET"]}}],"collection":[{"href":"https:\/\/bestfirewood.eu\/sv\/wp-json\/wp\/v2\/pages"}],"about":[{"href":"https:\/\/bestfirewood.eu\/sv\/wp-json\/wp\/v2\/types\/page"}],"author":[{"embeddable":true,"href":"https:\/\/bestfirewood.eu\/sv\/wp-json\/wp\/v2\/users\/1"}],"replies":[{"embeddable":true,"href":"https:\/\/bestfirewood.eu\/sv\/wp-json\/wp\/v2\/comments?post=1750"}],"version-history":[{"count":3,"href":"https:\/\/bestfirewood.eu\/sv\/wp-json\/wp\/v2\/pages\/1750\/revisions"}],"predecessor-version":[{"id":1795,"href":"https:\/\/bestfirewood.eu\/sv\/wp-json\/wp\/v2\/pages\/1750\/revisions\/1795"}],"up":[{"embeddable":true,"href":"https:\/\/bestfirewood.eu\/sv\/wp-json\/wp\/v2\/pages\/1078"}],"wp:attachment":[{"href":"https:\/\/bestfirewood.eu\/sv\/wp-json\/wp\/v2\/media?parent=1750"}],"curies":[{"name":"wp","href":"https:\/\/api.w.org\/{rel}","templated":true}]}}