{"id":1754,"date":"2025-08-31T14:57:22","date_gmt":"2025-08-31T14:57:22","guid":{"rendered":"https:\/\/bestfirewood.eu\/ved-av-bjork\/"},"modified":"2025-09-08T11:23:30","modified_gmt":"2025-09-08T11:23:30","slug":"ved-av-bjork","status":"publish","type":"page","link":"https:\/\/bestfirewood.eu\/sv\/om\/ved-av-bjork\/","title":{"rendered":"Ved av bj\u00f6rk"},"content":{"rendered":"\n<div class=\"wp-block-cover aligncenter\" data-block-type=\"core\"><img loading=\"lazy\" decoding=\"async\" width=\"1024\" height=\"1024\" class=\"wp-block-cover__image-background wp-image-1681\" alt=\"\" src=\"https:\/\/bestfirewood.eu\/wp-content\/uploads\/2025\/08\/image-1.jpg\" data-object-fit=\"cover\" srcset=\"https:\/\/bestfirewood.eu\/wp-content\/uploads\/2025\/08\/image-1.jpg 1024w, https:\/\/bestfirewood.eu\/wp-content\/uploads\/2025\/08\/image-1-300x300.jpg 300w, https:\/\/bestfirewood.eu\/wp-content\/uploads\/2025\/08\/image-1-150x150.jpg 150w, https:\/\/bestfirewood.eu\/wp-content\/uploads\/2025\/08\/image-1-768x768.jpg 768w\" sizes=\"auto, (max-width: 1024px) 100vw, 1024px\" \/><span aria-hidden=\"true\" class=\"wp-block-cover__background has-background-dim\"><\/span><div class=\"wp-block-cover__inner-container is-layout-flow wp-block-cover-is-layout-flow\">\n<p class=\"has-text-align-center has-large-font-size\"><\/p>\n<\/div><\/div>\n\n\n\n<p>I Estland och m\u00e5nga andra l\u00e4nder \u00e4r bj\u00f6rkved ett mycket uppskattat br\u00e4nslealternativ p\u00e5 grund av dess h\u00f6ga kvalitet, goda tillg\u00e4nglighet och utm\u00e4rkta f\u00f6rbr\u00e4nningsegenskaper. Bj\u00f6rk \u00e4r k\u00e4nd f\u00f6r sin rena och l\u00e5ngvariga f\u00f6rbr\u00e4nning, vilket g\u00f6r den till ett perfekt val f\u00f6r uppv\u00e4rmning av hem. I den h\u00e4r artikeln j\u00e4mf\u00f6rs bj\u00f6rkved med andra vanliga tr\u00e4slag och f\u00f6rklarar varf\u00f6r det \u00e4r ett popul\u00e4rt val bland hus\u00e4gare.  <\/p>\n\n\n\n<h2 class=\"wp-block-heading\" id=\"benefits-of-birch-firewood\" data-block-type=\"core\">F\u00f6rdelar med ved av bj\u00f6rk<\/h2>\n\n\n\n<h2 class=\"wp-block-heading\" data-block-type=\"core\">Ren f\u00f6rbr\u00e4nning<\/h2>\n\n\n\n<p>Bj\u00f6rkved brinner relativt rent och producerar minimalt med sot och r\u00f6k. Det g\u00f6r den till ett utm\u00e4rkt alternativ f\u00f6r dem som prioriterar renlighet i sina v\u00e4rmesystem och boendemilj\u00f6er. J\u00e4mf\u00f6rt med barrtr\u00e4d som tall eller gran avger bj\u00f6rk mindre sot, vilket bidrar till att f\u00f6rhindra igens\u00e4ttning av skorstenen och minskar sotningsfrekvensen.  <\/p>\n\n\n\n<h2 class=\"wp-block-heading\" data-block-type=\"core\">H\u00e4lsa och livsmilj\u00f6<\/h2>\n\n\n\n<p>Rent brinnande br\u00e4nslen som bj\u00f6rkved minskar avsev\u00e4rt inomhusf\u00f6roreningar som sot och flyktiga organiska f\u00f6reningar, vilket kan p\u00e5verka andningsh\u00e4lsan och det allm\u00e4nna v\u00e4lbefinnandet. Denna f\u00f6rdel \u00e4r s\u00e4rskilt viktig f\u00f6r utsatta grupper som barn, \u00e4ldre och personer med andningssv\u00e5righeter. Dessutom inneb\u00e4r renare f\u00f6rbr\u00e4nning f\u00e4rre obehagliga lukter inomhus och utomhus, vilket f\u00f6rb\u00e4ttrar livskvaliteten.  <\/p>\n\n\n\n<h2 class=\"wp-block-heading\" data-block-type=\"core\">H\u00e5llbarhet f\u00f6r v\u00e4rmesystem<\/h2>\n\n\n\n<p>Renare f\u00f6rbr\u00e4nning inneb\u00e4r ocks\u00e5 mindre sot- och tj\u00e4ransamlingar i v\u00e4rmare och skorstenar. Med tiden kan sotansamlingar minska uppv\u00e4rmningseffektiviteten och utg\u00f6ra brandrisker. Anv\u00e4ndning av bj\u00f6rkved minskar dessa ansamlingar, vilket f\u00f6rl\u00e4nger livsl\u00e4ngden p\u00e5 v\u00e4rmeapparater och \u00f6kar s\u00e4kerheten genom att minska risken f\u00f6r skorstensbrand.  <\/p>\n\n\n\n<h2 class=\"wp-block-heading\" data-block-type=\"core\">Milj\u00f6p\u00e5verkan<\/h2>\n\n\n\n<p>Bj\u00f6rkens renare f\u00f6rbr\u00e4nning minskar utsl\u00e4pp som bidrar till luftf\u00f6roreningar, surt regn och andra milj\u00f6problem. Genom att minska m\u00e4ngden sot och r\u00f6k som sl\u00e4pps ut st\u00f6der bj\u00f6rkved ekosystemens h\u00e4lsa och biologiska m\u00e5ngfald samtidigt som den bidrar till anstr\u00e4ngningarna att mildra klimatf\u00f6r\u00e4ndringarna. <\/p>\n\n\n\n<h2 class=\"wp-block-heading\" data-block-type=\"core\">Effektivitet i uppv\u00e4rmningskostnaden<\/h2>\n\n\n\n<p>Bj\u00f6rkved \u00e4r effektiv eftersom den brinner varmare och l\u00e4ngre, vilket inneb\u00e4r att det beh\u00f6vs mindre ved f\u00f6r att skapa \u00f6nskad v\u00e4rme. Denna effektivitet bidrar till att optimera uppv\u00e4rmningskostnaderna genom att minska br\u00e4nslef\u00f6rbrukningen. <\/p>\n\n\n\n<h2 class=\"wp-block-heading\" id=\"thermal-value-and-burn-time\" data-block-type=\"core\">Termiskt v\u00e4rde och brinntid<\/h2>\n\n\n\n<p>Bj\u00f6rkved har ett h\u00f6gt v\u00e4rmev\u00e4rde och ger en stor v\u00e4rmeeffekt, vilket g\u00f6r den till ett effektivt br\u00e4nsle f\u00f6r uppv\u00e4rmning av bost\u00e4der. J\u00e4mf\u00f6rt med al, som ocks\u00e5 \u00e4r ett bra br\u00e4nsle, \u00e4r bj\u00f6rk generellt varmare och mer energit\u00e4ta. Dess t\u00e4ta, h\u00e5rda natur s\u00e4kerst\u00e4ller en l\u00e5ng, stadig f\u00f6rbr\u00e4nning, vilket \u00e4r s\u00e4rskilt f\u00f6rdelaktigt under kalla vinterkv\u00e4llar n\u00e4r en l\u00e5ngvarig eld \u00f6nskas. I j\u00e4mf\u00f6relse brinner mjukare tr\u00e4slag som asp snabbare.   <\/p>\n\n\n\n<h2 class=\"wp-block-heading\" id=\"comparison-with-other-wood-species\" data-block-type=\"core\">J\u00e4mf\u00f6relse med andra tr\u00e4slag<\/h2>\n\n\n\n<p>V\u00e4rmev\u00e4rden f\u00f6r tr\u00e4 m\u00e4ts vanligen i megajoule (MJ) per kilogram och beror p\u00e5 tr\u00e4slag, fukthalt och densitet. F\u00f6ljande \u00e4r ungef\u00e4rliga v\u00e4rmev\u00e4rden f\u00f6r vanliga tr\u00e4slag som anv\u00e4nds i Estland: <\/p>\n\n\n\n<ul class=\"wp-block-list\" data-block-type=\"core\">\n<li data-block-type=\"core\"><strong>Tall och gran:<\/strong> Barrtr\u00e4d med v\u00e4rmev\u00e4rden p\u00e5 ca 15-17 MJ\/kg. De brinner snabbt och avger v\u00e4rme snabbt, l\u00e4mpliga f\u00f6r kortvarig uppv\u00e4rmning, men producerar mer sot och r\u00f6k. <\/li>\n\n\n\n<li data-block-type=\"core\"><strong>Al och asp:<\/strong> L\u00f6vtr\u00e4d med l\u00e4gre v\u00e4rmev\u00e4rden p\u00e5 cirka 14-16 MJ\/kg. Deras renare f\u00f6rbr\u00e4nning g\u00f6r dem bra f\u00f6r m\u00e5ttlig uppv\u00e4rmning p\u00e5 v\u00e5ren eller h\u00f6sten. <\/li>\n\n\n\n<li data-block-type=\"core\"><strong>Ek:<\/strong> K\u00e4nd f\u00f6r h\u00f6g v\u00e4rmeeffekt (18-24 MJ\/kg) och l\u00e5ng, intensiv f\u00f6rbr\u00e4nning. Trots att den kr\u00e4ver mer f\u00f6rberedelser \u00e4r ek utm\u00e4rkt f\u00f6r l\u00e5ngvarig uppv\u00e4rmning. <\/li>\n\n\n\n<li data-block-type=\"core\"><strong>Bj\u00f6rk:<\/strong> Erbjuder 16-19 MJ\/kg, med balans mellan god v\u00e4rmeavgivning och ren f\u00f6rbr\u00e4nning. Birch \u00e4r m\u00e5ngsidig och passar b\u00e5de intensiva och m\u00e5ttliga uppv\u00e4rmningsbehov med ett bra v\u00e4rme\/f\u00f6rbr\u00e4nningsf\u00f6rh\u00e5llande. <\/li>\n<\/ul>\n\n\n\n<p>Dessa v\u00e4rden kan variera beroende p\u00e5 fukthalt och tr\u00e4kvalitet. Vid val av ved \u00e4r det viktigt att balansera v\u00e4rmev\u00e4rdet med f\u00f6rbr\u00e4nningsegenskaperna f\u00f6r att uppfylla specifika uppv\u00e4rmningsbehov. <\/p>\n\n\n\n<h2 class=\"wp-block-heading\" id=\"summary\" data-block-type=\"core\">Sammanfattning<\/h2>\n\n\n\n<p>Bj\u00f6rkved ger en utm\u00e4rkt kombination av ren f\u00f6rbr\u00e4nning, h\u00f6g v\u00e4rmeeffekt och l\u00e5ng brinntid, vilket g\u00f6r den till ett idealiskt br\u00e4nsle f\u00f6r uppv\u00e4rmning av hem. J\u00e4mf\u00f6rt med andra arter ger bj\u00f6rkved en v\u00e4l avrundad l\u00f6sning n\u00e4r det g\u00e4ller v\u00e4rme, brinntid och underh\u00e5ll. Att v\u00e4lja bj\u00f6rkved inneb\u00e4r att investera i en effektiv, ren och bekv\u00e4m v\u00e4rmek\u00e4lla f\u00f6r ditt hem. L\u00e4s mer om v\u00e5ra produkter <a href=\"https:\/\/bestfirewood.eu\/sv\/produkter\/\" target=\"_blank\" rel=\"noreferrer noopener\">h\u00e4r.<\/a><\/p>\n\n\n\n<hr class=\"wp-block-separator has-alpha-channel-opacity\"\/ data-block-type=\"core\">\n\n\n\n<p>Den h\u00e4r versionen korrigerar spr\u00e5kproblem, tar bort o\u00f6versatta delar och f\u00f6rb\u00e4ttrar tydligheten och fl\u00f6det f\u00f6r b\u00e4ttre l\u00e4sbarhet och professionalism.H\u00e4r \u00e4r en korrigerad och omstrukturerad version av din text med f\u00f6rb\u00e4ttrat fl\u00f6de och spr\u00e5k:<\/p>\n\n\n\n<hr class=\"wp-block-separator has-alpha-channel-opacity\"\/ data-block-type=\"core\">\n\n\n\n<p>I Estland och m\u00e5nga andra l\u00e4nder \u00e4r bj\u00f6rkved h\u00f6gt v\u00e4rderad f\u00f6r sin kvalitet, tillg\u00e4nglighet och utm\u00e4rkta f\u00f6rbr\u00e4nningsegenskaper. Bj\u00f6rken \u00e4r k\u00e4nd f\u00f6r sin rena och l\u00e5ngvariga f\u00f6rbr\u00e4nning och \u00e4r ett perfekt br\u00e4nsleval f\u00f6r uppv\u00e4rmning av hem. I den h\u00e4r artikeln j\u00e4mf\u00f6rs bj\u00f6rkved med andra vanliga tr\u00e4slag och f\u00f6rklaras varf\u00f6r den f\u00f6redras av m\u00e5nga hus\u00e4gare.  <\/p>\n\n\n\n<h2 class=\"wp-block-heading\" id=\"benefits-of-birch-firewood\" data-block-type=\"core\">F\u00f6rdelar med ved av bj\u00f6rk<\/h2>\n\n\n\n<h2 class=\"wp-block-heading\" data-block-type=\"core\">Ren f\u00f6rbr\u00e4nning<\/h2>\n\n\n\n<p>Bj\u00f6rkved brinner relativt rent och ger upphov till minimalt med sot och r\u00f6k. J\u00e4mf\u00f6rt med barrtr\u00e4d som tall eller gran skapar bj\u00f6rk mindre sot, vilket bidrar till att f\u00f6rhindra igens\u00e4ttning av skorstenen och minskar sotningsfrekvensen. Ren f\u00f6rbr\u00e4nning bidrar ocks\u00e5 till en h\u00e4lsosammare boendemilj\u00f6 och f\u00f6rl\u00e4nger v\u00e4rmesystemens livsl\u00e4ngd.  <\/p>\n\n\n\n<h2 class=\"wp-block-heading\" data-block-type=\"core\">H\u00e4lsa och livsmilj\u00f6<\/h2>\n\n\n\n<p>Renare brinnande bj\u00f6rk minskar f\u00f6roreningar inomhus, t.ex. sot och flyktiga organiska f\u00f6reningar, vilket f\u00f6rb\u00e4ttrar andningsh\u00e4lsan och det allm\u00e4nna v\u00e4lbefinnandet - s\u00e4rskilt f\u00f6r barn, \u00e4ldre och personer med andningssv\u00e5righeter. Den minimerar ocks\u00e5 obehagliga lukter inomhus och utomhus, vilket \u00f6kar komforten. <\/p>\n\n\n\n<h2 class=\"wp-block-heading\" data-block-type=\"core\">Livsl\u00e4ngd f\u00f6r utrustning<\/h2>\n\n\n\n<p>Mindre sot- och tj\u00e4rbildning leder till f\u00e4rre underh\u00e5llsbehov och l\u00e4gre brandrisker i skorstenar och v\u00e4rmeanl\u00e4ggningar. Att anv\u00e4nda bj\u00f6rk kan bidra till att f\u00f6rl\u00e4nga livsl\u00e4ngden p\u00e5 din v\u00e4rmeutrustning och fr\u00e4mja s\u00e4kerheten i hemmet. <\/p>\n\n\n\n<h2 class=\"wp-block-heading\" data-block-type=\"core\">Milj\u00f6p\u00e5verkan<\/h2>\n\n\n\n<p>Genom att producera mindre luftf\u00f6roreningar st\u00f6der bj\u00f6rkved ekosystemens h\u00e4lsa och biologiska m\u00e5ngfald och bidrar till att mildra klimatf\u00f6r\u00e4ndringarna genom att minska utsl\u00e4ppen av sot och r\u00f6k.<\/p>\n\n\n\n<h2 class=\"wp-block-heading\" data-block-type=\"core\">Kostnadseffektivitet<\/h2>\n\n\n\n<p>Bj\u00f6rk brinner effektivt och avger mer v\u00e4rme per m\u00e4ngd tr\u00e4, vilket kan s\u00e4nka de totala uppv\u00e4rmningskostnaderna eftersom det kr\u00e4vs mindre br\u00e4nsle.<\/p>\n\n\n\n<h2 class=\"wp-block-heading\" id=\"thermal-value-and-burn-duration\" data-block-type=\"core\">Termiskt v\u00e4rde och brinntid<\/h2>\n\n\n\n<p>Bj\u00f6rkved \u00e4r t\u00e4t och h\u00e5rd, vilket ger ett h\u00f6gt v\u00e4rmev\u00e4rde och en l\u00e5ngvarig f\u00f6rbr\u00e4nning. Den v\u00e4rmer effektivt med mindre ved j\u00e4mf\u00f6rt med al, och den brinner betydligt l\u00e4ngre \u00e4n mjukare tr\u00e4slag som asp, vilket g\u00f6r den f\u00f6rdelaktig f\u00f6r ih\u00e5llande v\u00e4rme under kalla perioder. <\/p>\n\n\n\n<h2 class=\"wp-block-heading\" id=\"comparison-with-other-common-species\" data-block-type=\"core\">J\u00e4mf\u00f6relse med andra vanliga arter<\/h2>\n\n\n\n<p>Vedens v\u00e4rmev\u00e4rden uttrycks i megajoule (MJ) per kilogram och varierar med tr\u00e4slag, fukthalt och densitet. Ungef\u00e4rliga v\u00e4rden f\u00f6r vanligt f\u00f6rekommande estnisk ved \u00e4r bl.a: <\/p>\n\n\n\n<ul class=\"wp-block-list\" data-block-type=\"core\">\n<li data-block-type=\"core\"><strong>Tall och gran:<\/strong> Barrtr\u00e4d med 15-17 MJ\/kg. Brinner snabbt men producerar mer sot, l\u00e4mpar sig f\u00f6r kortvarig uppv\u00e4rmning. <\/li>\n\n\n\n<li data-block-type=\"core\"><strong>Alder och Aspen:<\/strong> L\u00f6vtr\u00e4d med 14-16 MJ\/kg, ger renare f\u00f6rbr\u00e4nning, l\u00e4mplig f\u00f6r m\u00e5ttlig v\u00e4rme under mildare \u00e5rstider.<\/li>\n\n\n\n<li data-block-type=\"core\"><strong>Ek:<\/strong> H\u00f6gt v\u00e4rmev\u00e4rde (18-24 MJ\/kg) med l\u00e5ng, intensiv f\u00f6rbr\u00e4nning, perfekt f\u00f6r l\u00e5ngtidsuppv\u00e4rmning trots mer f\u00f6rberedelser.<\/li>\n\n\n\n<li data-block-type=\"core\"><strong>Bj\u00f6rk:<\/strong> Balanserad med 16-19 MJ\/kg; ger bra v\u00e4rmeeffekt och renare f\u00f6rbr\u00e4nning, l\u00e4mplig f\u00f6r b\u00e5de intensiva och m\u00e5ttliga uppv\u00e4rmningsbehov.<\/li>\n<\/ul>\n\n\n\n<p>Dessa siffror kan variera beroende p\u00e5 fukthalt och kvalitet, s\u00e5 ta h\u00e4nsyn till b\u00e5de v\u00e4rmev\u00e4rde och br\u00e4nnbarhet n\u00e4r du v\u00e4ljer ved.<\/p>\n\n\n\n<h2 class=\"wp-block-heading\" id=\"summary\" data-block-type=\"core\">Sammanfattning<\/h2>\n\n\n\n<p>Bj\u00f6rkved kombinerar ren f\u00f6rbr\u00e4nning, h\u00f6g v\u00e4rmeeffekt och l\u00e5nga brinntider, vilket g\u00f6r den till ett utm\u00e4rkt val f\u00f6r uppv\u00e4rmning av hemmet. Dess balanserade egenskaper ger effektiv v\u00e4rme med mindre underh\u00e5ll j\u00e4mf\u00f6rt med m\u00e5nga andra tr\u00e4slag. Att v\u00e4lja bj\u00f6rk inneb\u00e4r att investera i en ren, effektiv och bekv\u00e4m uppv\u00e4rmningsl\u00f6sning f\u00f6r ditt hem. L\u00e4s mer om v\u00e5ra produkter <a href=\"https:\/\/bestfirewood.eu\/sv\/produkter\/\" target=\"_blank\" rel=\"noreferrer noopener\">h\u00e4r.<\/a><\/p>\n\n\n\n<hr class=\"wp-block-separator has-alpha-channel-opacity\"\/ data-block-type=\"core\">\n\n\n\n<p><\/p>\n","protected":false},"excerpt":{"rendered":"<p>I Estland och m\u00e5nga andra l\u00e4nder \u00e4r bj\u00f6rkved ett mycket uppskattat br\u00e4nslealternativ p\u00e5 grund av dess h\u00f6ga kvalitet, goda tillg\u00e4nglighet och utm\u00e4rkta f\u00f6rbr\u00e4nningsegenskaper. Bj\u00f6rk \u00e4r k\u00e4nd f\u00f6r sin rena och l\u00e5ngvariga f\u00f6rbr\u00e4nning, vilket g\u00f6r den till ett perfekt val f\u00f6r uppv\u00e4rmning av hem. I den h\u00e4r artikeln j\u00e4mf\u00f6rs bj\u00f6rkved med andra vanliga tr\u00e4slag och f\u00f6rklarar [&hellip;]<\/p>\n","protected":false},"author":1,"featured_media":0,"parent":1078,"menu_order":0,"comment_status":"closed","ping_status":"closed","template":"","meta":{"_uag_custom_page_level_css":"","footnotes":""},"class_list":["post-1754","page","type-page","status-publish","hentry"],"blocksy_meta":[],"yoast_head":"<!-- This site is optimized with the Yoast SEO Premium plugin v26.4 (Yoast SEO v27.4) - https:\/\/yoast.com\/product\/yoast-seo-premium-wordpress\/ -->\n<title>Ved av bj\u00f6rk | Best Firewood %<\/title>\n<meta name=\"robots\" content=\"index, follow, max-snippet:-1, max-image-preview:large, max-video-preview:-1\" \/>\n<link rel=\"canonical\" href=\"https:\/\/bestfirewood.eu\/sv\/om\/ved-av-bjork\/\" \/>\n<meta property=\"og:locale\" content=\"sv_SE\" \/>\n<meta property=\"og:type\" content=\"article\" \/>\n<meta property=\"og:title\" content=\"Ved av bj\u00f6rk\" \/>\n<meta property=\"og:description\" content=\"I Estland och m\u00e5nga andra l\u00e4nder \u00e4r bj\u00f6rkved ett mycket uppskattat br\u00e4nslealternativ p\u00e5 grund av dess h\u00f6ga kvalitet, goda tillg\u00e4nglighet och utm\u00e4rkta f\u00f6rbr\u00e4nningsegenskaper. Bj\u00f6rk \u00e4r k\u00e4nd f\u00f6r sin rena och l\u00e5ngvariga f\u00f6rbr\u00e4nning, vilket g\u00f6r den till ett perfekt val f\u00f6r uppv\u00e4rmning av hem. I den h\u00e4r artikeln j\u00e4mf\u00f6rs bj\u00f6rkved med andra vanliga tr\u00e4slag och f\u00f6rklarar [&hellip;]\" \/>\n<meta property=\"og:url\" content=\"https:\/\/bestfirewood.eu\/sv\/om\/ved-av-bjork\/\" \/>\n<meta property=\"og:site_name\" content=\"Best Firewood\" \/>\n<meta property=\"article:publisher\" content=\"https:\/\/www.facebook.com\/profile.php?id=61581140453292\" \/>\n<meta property=\"article:modified_time\" content=\"2025-09-08T11:23:30+00:00\" \/>\n<meta property=\"og:image\" content=\"https:\/\/bestfirewood.eu\/wp-content\/uploads\/2025\/08\/image-1.jpg\" \/>\n\t<meta property=\"og:image:width\" content=\"1024\" \/>\n\t<meta property=\"og:image:height\" content=\"1024\" \/>\n\t<meta property=\"og:image:type\" content=\"image\/jpeg\" \/>\n<meta name=\"twitter:card\" content=\"summary_large_image\" \/>\n<meta name=\"twitter:label1\" content=\"Ber\u00e4knad l\u00e4stid\" \/>\n\t<meta name=\"twitter:data1\" content=\"5 minuter\" \/>\n<script type=\"application\/ld+json\" class=\"yoast-schema-graph\">{\"@context\":\"https:\\\/\\\/schema.org\",\"@graph\":[{\"@type\":\"WebPage\",\"@id\":\"https:\\\/\\\/bestfirewood.eu\\\/sv\\\/om\\\/ved-av-bjork\\\/\",\"url\":\"https:\\\/\\\/bestfirewood.eu\\\/sv\\\/om\\\/ved-av-bjork\\\/\",\"name\":\"Ved av bj\u00f6rk | Best Firewood %\",\"isPartOf\":{\"@id\":\"https:\\\/\\\/bestfirewood.eu\\\/sv\\\/#website\"},\"primaryImageOfPage\":{\"@id\":\"https:\\\/\\\/bestfirewood.eu\\\/sv\\\/om\\\/ved-av-bjork\\\/#primaryimage\"},\"image\":{\"@id\":\"https:\\\/\\\/bestfirewood.eu\\\/sv\\\/om\\\/ved-av-bjork\\\/#primaryimage\"},\"thumbnailUrl\":\"https:\\\/\\\/bestfirewood.eu\\\/wp-content\\\/uploads\\\/2025\\\/08\\\/image-1.jpg\",\"datePublished\":\"2025-08-31T14:57:22+00:00\",\"dateModified\":\"2025-09-08T11:23:30+00:00\",\"breadcrumb\":{\"@id\":\"https:\\\/\\\/bestfirewood.eu\\\/sv\\\/om\\\/ved-av-bjork\\\/#breadcrumb\"},\"inLanguage\":\"sv-SE\",\"potentialAction\":[{\"@type\":\"ReadAction\",\"target\":[\"https:\\\/\\\/bestfirewood.eu\\\/sv\\\/om\\\/ved-av-bjork\\\/\"]}]},{\"@type\":\"ImageObject\",\"inLanguage\":\"sv-SE\",\"@id\":\"https:\\\/\\\/bestfirewood.eu\\\/sv\\\/om\\\/ved-av-bjork\\\/#primaryimage\",\"url\":\"https:\\\/\\\/bestfirewood.eu\\\/wp-content\\\/uploads\\\/2025\\\/08\\\/image-1.jpg\",\"contentUrl\":\"https:\\\/\\\/bestfirewood.eu\\\/wp-content\\\/uploads\\\/2025\\\/08\\\/image-1.jpg\"},{\"@type\":\"BreadcrumbList\",\"@id\":\"https:\\\/\\\/bestfirewood.eu\\\/sv\\\/om\\\/ved-av-bjork\\\/#breadcrumb\",\"itemListElement\":[{\"@type\":\"ListItem\",\"position\":1,\"name\":\"Home\",\"item\":\"https:\\\/\\\/bestfirewood.eu\\\/sv\\\/\"},{\"@type\":\"ListItem\",\"position\":2,\"name\":\"Om\",\"item\":\"https:\\\/\\\/bestfirewood.eu\\\/sv\\\/om\\\/\"},{\"@type\":\"ListItem\",\"position\":3,\"name\":\"Ved av bj\u00f6rk\"}]},{\"@type\":\"WebSite\",\"@id\":\"https:\\\/\\\/bestfirewood.eu\\\/sv\\\/#website\",\"url\":\"https:\\\/\\\/bestfirewood.eu\\\/sv\\\/\",\"name\":\"besfirewood.eu\",\"description\":\"We are an Estonian firewood producer and exporter specializing in high-quality, kiln and naturally dried firewood\",\"publisher\":{\"@id\":\"https:\\\/\\\/bestfirewood.eu\\\/sv\\\/#organization\"},\"alternateName\":\"Best Scandinavian Firewood\",\"potentialAction\":[{\"@type\":\"SearchAction\",\"target\":{\"@type\":\"EntryPoint\",\"urlTemplate\":\"https:\\\/\\\/bestfirewood.eu\\\/sv\\\/?s={search_term_string}\"},\"query-input\":{\"@type\":\"PropertyValueSpecification\",\"valueRequired\":true,\"valueName\":\"search_term_string\"}}],\"inLanguage\":\"sv-SE\"},{\"@type\":[\"Organization\",\"Place\"],\"@id\":\"https:\\\/\\\/bestfirewood.eu\\\/sv\\\/#organization\",\"name\":\"Best Scandinavian Firewood\",\"alternateName\":\"Aldebrand O\u00dc\",\"url\":\"https:\\\/\\\/bestfirewood.eu\\\/sv\\\/\",\"logo\":{\"@id\":\"https:\\\/\\\/bestfirewood.eu\\\/sv\\\/om\\\/ved-av-bjork\\\/#local-main-organization-logo\"},\"image\":{\"@id\":\"https:\\\/\\\/bestfirewood.eu\\\/sv\\\/om\\\/ved-av-bjork\\\/#local-main-organization-logo\"},\"sameAs\":[\"https:\\\/\\\/www.facebook.com\\\/profile.php?id=61581140453292\",\"https:\\\/\\\/www.instagram.com\\\/bestestonianfirewood\\\/\",\"https:\\\/\\\/www.linkedin.com\\\/company\\\/bestfirewood\\\/\"],\"foundingDate\":\"2012-01-01\",\"telephone\":[],\"openingHoursSpecification\":[{\"@type\":\"OpeningHoursSpecification\",\"dayOfWeek\":[\"Monday\",\"Tuesday\",\"Wednesday\",\"Thursday\",\"Friday\",\"Saturday\",\"Sunday\"],\"opens\":\"09:00\",\"closes\":\"17:00\"}]},{\"@type\":\"ImageObject\",\"inLanguage\":\"sv-SE\",\"@id\":\"https:\\\/\\\/bestfirewood.eu\\\/sv\\\/om\\\/ved-av-bjork\\\/#local-main-organization-logo\",\"url\":\"https:\\\/\\\/bestfirewood.eu\\\/wp-content\\\/uploads\\\/2025\\\/05\\\/cropped-Bestfirewood-Catalog-ENG-1-e1747383934149.png\",\"contentUrl\":\"https:\\\/\\\/bestfirewood.eu\\\/wp-content\\\/uploads\\\/2025\\\/05\\\/cropped-Bestfirewood-Catalog-ENG-1-e1747383934149.png\",\"width\":512,\"height\":512,\"caption\":\"Best Scandinavian Firewood\"}]}<\/script>\n<!-- \/ Yoast SEO Premium plugin. -->","yoast_head_json":{"title":"Ved av bj\u00f6rk | Best Firewood %","robots":{"index":"index","follow":"follow","max-snippet":"max-snippet:-1","max-image-preview":"max-image-preview:large","max-video-preview":"max-video-preview:-1"},"canonical":"https:\/\/bestfirewood.eu\/sv\/om\/ved-av-bjork\/","og_locale":"sv_SE","og_type":"article","og_title":"Ved av bj\u00f6rk","og_description":"I Estland och m\u00e5nga andra l\u00e4nder \u00e4r bj\u00f6rkved ett mycket uppskattat br\u00e4nslealternativ p\u00e5 grund av dess h\u00f6ga kvalitet, goda tillg\u00e4nglighet och utm\u00e4rkta f\u00f6rbr\u00e4nningsegenskaper. Bj\u00f6rk \u00e4r k\u00e4nd f\u00f6r sin rena och l\u00e5ngvariga f\u00f6rbr\u00e4nning, vilket g\u00f6r den till ett perfekt val f\u00f6r uppv\u00e4rmning av hem. I den h\u00e4r artikeln j\u00e4mf\u00f6rs bj\u00f6rkved med andra vanliga tr\u00e4slag och f\u00f6rklarar [&hellip;]","og_url":"https:\/\/bestfirewood.eu\/sv\/om\/ved-av-bjork\/","og_site_name":"Best Firewood","article_publisher":"https:\/\/www.facebook.com\/profile.php?id=61581140453292","article_modified_time":"2025-09-08T11:23:30+00:00","og_image":[{"width":1024,"height":1024,"url":"https:\/\/bestfirewood.eu\/wp-content\/uploads\/2025\/08\/image-1.jpg","type":"image\/jpeg"}],"twitter_card":"summary_large_image","twitter_misc":{"Ber\u00e4knad l\u00e4stid":"5 minuter"},"schema":{"@context":"https:\/\/schema.org","@graph":[{"@type":"WebPage","@id":"https:\/\/bestfirewood.eu\/sv\/om\/ved-av-bjork\/","url":"https:\/\/bestfirewood.eu\/sv\/om\/ved-av-bjork\/","name":"Ved av bj\u00f6rk | Best Firewood %","isPartOf":{"@id":"https:\/\/bestfirewood.eu\/sv\/#website"},"primaryImageOfPage":{"@id":"https:\/\/bestfirewood.eu\/sv\/om\/ved-av-bjork\/#primaryimage"},"image":{"@id":"https:\/\/bestfirewood.eu\/sv\/om\/ved-av-bjork\/#primaryimage"},"thumbnailUrl":"https:\/\/bestfirewood.eu\/wp-content\/uploads\/2025\/08\/image-1.jpg","datePublished":"2025-08-31T14:57:22+00:00","dateModified":"2025-09-08T11:23:30+00:00","breadcrumb":{"@id":"https:\/\/bestfirewood.eu\/sv\/om\/ved-av-bjork\/#breadcrumb"},"inLanguage":"sv-SE","potentialAction":[{"@type":"ReadAction","target":["https:\/\/bestfirewood.eu\/sv\/om\/ved-av-bjork\/"]}]},{"@type":"ImageObject","inLanguage":"sv-SE","@id":"https:\/\/bestfirewood.eu\/sv\/om\/ved-av-bjork\/#primaryimage","url":"https:\/\/bestfirewood.eu\/wp-content\/uploads\/2025\/08\/image-1.jpg","contentUrl":"https:\/\/bestfirewood.eu\/wp-content\/uploads\/2025\/08\/image-1.jpg"},{"@type":"BreadcrumbList","@id":"https:\/\/bestfirewood.eu\/sv\/om\/ved-av-bjork\/#breadcrumb","itemListElement":[{"@type":"ListItem","position":1,"name":"Home","item":"https:\/\/bestfirewood.eu\/sv\/"},{"@type":"ListItem","position":2,"name":"Om","item":"https:\/\/bestfirewood.eu\/sv\/om\/"},{"@type":"ListItem","position":3,"name":"Ved av bj\u00f6rk"}]},{"@type":"WebSite","@id":"https:\/\/bestfirewood.eu\/sv\/#website","url":"https:\/\/bestfirewood.eu\/sv\/","name":"besfirewood.eu","description":"We are an Estonian firewood producer and exporter specializing in high-quality, kiln and naturally dried firewood","publisher":{"@id":"https:\/\/bestfirewood.eu\/sv\/#organization"},"alternateName":"Best Scandinavian Firewood","potentialAction":[{"@type":"SearchAction","target":{"@type":"EntryPoint","urlTemplate":"https:\/\/bestfirewood.eu\/sv\/?s={search_term_string}"},"query-input":{"@type":"PropertyValueSpecification","valueRequired":true,"valueName":"search_term_string"}}],"inLanguage":"sv-SE"},{"@type":["Organization","Place"],"@id":"https:\/\/bestfirewood.eu\/sv\/#organization","name":"Best Scandinavian Firewood","alternateName":"Aldebrand O\u00dc","url":"https:\/\/bestfirewood.eu\/sv\/","logo":{"@id":"https:\/\/bestfirewood.eu\/sv\/om\/ved-av-bjork\/#local-main-organization-logo"},"image":{"@id":"https:\/\/bestfirewood.eu\/sv\/om\/ved-av-bjork\/#local-main-organization-logo"},"sameAs":["https:\/\/www.facebook.com\/profile.php?id=61581140453292","https:\/\/www.instagram.com\/bestestonianfirewood\/","https:\/\/www.linkedin.com\/company\/bestfirewood\/"],"foundingDate":"2012-01-01","telephone":[],"openingHoursSpecification":[{"@type":"OpeningHoursSpecification","dayOfWeek":["Monday","Tuesday","Wednesday","Thursday","Friday","Saturday","Sunday"],"opens":"09:00","closes":"17:00"}]},{"@type":"ImageObject","inLanguage":"sv-SE","@id":"https:\/\/bestfirewood.eu\/sv\/om\/ved-av-bjork\/#local-main-organization-logo","url":"https:\/\/bestfirewood.eu\/wp-content\/uploads\/2025\/05\/cropped-Bestfirewood-Catalog-ENG-1-e1747383934149.png","contentUrl":"https:\/\/bestfirewood.eu\/wp-content\/uploads\/2025\/05\/cropped-Bestfirewood-Catalog-ENG-1-e1747383934149.png","width":512,"height":512,"caption":"Best Scandinavian Firewood"}]}},"uagb_featured_image_src":{"full":false,"thumbnail":false,"medium":false,"medium_large":false,"large":false,"1536x1536":false,"2048x2048":false},"uagb_author_info":{"display_name":"Bj\u00f6rkved111","author_link":"https:\/\/bestfirewood.eu\/sv\/author\/admin\/"},"uagb_comment_info":0,"uagb_excerpt":"I Estland och m\u00e5nga andra l\u00e4nder \u00e4r bj\u00f6rkved ett mycket uppskattat br\u00e4nslealternativ p\u00e5 grund av dess h\u00f6ga kvalitet, goda tillg\u00e4nglighet och utm\u00e4rkta f\u00f6rbr\u00e4nningsegenskaper. Bj\u00f6rk \u00e4r k\u00e4nd f\u00f6r sin rena och l\u00e5ngvariga f\u00f6rbr\u00e4nning, vilket g\u00f6r den till ett perfekt val f\u00f6r uppv\u00e4rmning av hem. I den h\u00e4r artikeln j\u00e4mf\u00f6rs bj\u00f6rkved med andra vanliga tr\u00e4slag och f\u00f6rklarar&hellip;","_links":{"self":[{"href":"https:\/\/bestfirewood.eu\/sv\/wp-json\/wp\/v2\/pages\/1754","targetHints":{"allow":["GET"]}}],"collection":[{"href":"https:\/\/bestfirewood.eu\/sv\/wp-json\/wp\/v2\/pages"}],"about":[{"href":"https:\/\/bestfirewood.eu\/sv\/wp-json\/wp\/v2\/types\/page"}],"author":[{"embeddable":true,"href":"https:\/\/bestfirewood.eu\/sv\/wp-json\/wp\/v2\/users\/1"}],"replies":[{"embeddable":true,"href":"https:\/\/bestfirewood.eu\/sv\/wp-json\/wp\/v2\/comments?post=1754"}],"version-history":[{"count":4,"href":"https:\/\/bestfirewood.eu\/sv\/wp-json\/wp\/v2\/pages\/1754\/revisions"}],"predecessor-version":[{"id":1814,"href":"https:\/\/bestfirewood.eu\/sv\/wp-json\/wp\/v2\/pages\/1754\/revisions\/1814"}],"up":[{"embeddable":true,"href":"https:\/\/bestfirewood.eu\/sv\/wp-json\/wp\/v2\/pages\/1078"}],"wp:attachment":[{"href":"https:\/\/bestfirewood.eu\/sv\/wp-json\/wp\/v2\/media?parent=1754"}],"curies":[{"name":"wp","href":"https:\/\/api.w.org\/{rel}","templated":true}]}}